{"id":24594,"date":"2024-10-06T22:33:23","date_gmt":"2024-10-07T04:33:23","guid":{"rendered":"https:\/\/dauch.com.mx\/?post_type=product&#038;p=24594"},"modified":"2024-10-16T12:21:41","modified_gmt":"2024-10-16T18:21:41","slug":"soma-cube","status":"publish","type":"product","link":"https:\/\/dauch.com.mx\/en\/productos\/soma-cube\/","title":{"rendered":"Soma Cube"},"content":{"rendered":"<p><span data-sheets-root=\"1\">Desaf\u00eda tu ingenio y habilidad con Some Cube, un juego de destreza compuesto por piezas modulares impresas en 3D. <\/span><\/p>\n<p><span data-sheets-root=\"1\">El objetivo es ensamblar las diferentes piezas para formar un cubo perfecto. <\/span><\/p>\n<p><span data-sheets-root=\"1\">Este juego pone a prueba tu l\u00f3gica, coordinaci\u00f3n y paciencia, ofreciendo m\u00faltiples soluciones posibles. Ideal para personas que disfrutan de los retos mentales y los rompecabezas, Some Cube es perfecto tanto para relajarte como para ejercitar tu mente. <\/span><\/p>\n<p><span data-sheets-root=\"1\">Con Some Cube, nunca habr\u00e1 dos partidas iguales. Es un juego vers\u00e1til que entretiene mientras desaf\u00edas tu mente. <\/span><\/p>\n<p><span data-sheets-root=\"1\">\u00a1Pon a prueba tu destreza y disfruta del desaf\u00edo de formar el cubo perfecto!<\/span><\/p>","protected":false},"excerpt":{"rendered":"<p><span data-sheets-root=\"1\">Soma cube, compuesto por piezas modulares, reta a ensamblar en forma de cubo.<\/span><\/p>","protected":false},"featured_media":24674,"comment_status":"closed","ping_status":"closed","template":"","meta":{"_acf_changed":false},"product_brand":[],"product_cat":[67,64],"product_tag":[],"class_list":{"0":"post-24594","1":"product","2":"type-product","3":"status-publish","4":"has-post-thumbnail","6":"product_cat-productos","7":"product_cat-puzzles","8":"nt-post-class","9":"masonry-item","10":"col-lg-6","11":"nt-default-format-box","12":"post-box-type-masonry","13":"","15":"first","16":"instock","17":"shipping-taxable","18":"purchasable","19":"product-type-variable"},"acf":[],"_links":{"self":[{"href":"https:\/\/dauch.com.mx\/en\/wp-json\/wp\/v2\/product\/24594","targetHints":{"allow":["GET"]}}],"collection":[{"href":"https:\/\/dauch.com.mx\/en\/wp-json\/wp\/v2\/product"}],"about":[{"href":"https:\/\/dauch.com.mx\/en\/wp-json\/wp\/v2\/types\/product"}],"replies":[{"embeddable":true,"href":"https:\/\/dauch.com.mx\/en\/wp-json\/wp\/v2\/comments?post=24594"}],"version-history":[{"count":0,"href":"https:\/\/dauch.com.mx\/en\/wp-json\/wp\/v2\/product\/24594\/revisions"}],"wp:featuredmedia":[{"embeddable":true,"href":"https:\/\/dauch.com.mx\/en\/wp-json\/wp\/v2\/media\/24674"}],"wp:attachment":[{"href":"https:\/\/dauch.com.mx\/en\/wp-json\/wp\/v2\/media?parent=24594"}],"wp:term":[{"taxonomy":"product_brand","embeddable":true,"href":"https:\/\/dauch.com.mx\/en\/wp-json\/wp\/v2\/product_brand?post=24594"},{"taxonomy":"product_cat","embeddable":true,"href":"https:\/\/dauch.com.mx\/en\/wp-json\/wp\/v2\/product_cat?post=24594"},{"taxonomy":"product_tag","embeddable":true,"href":"https:\/\/dauch.com.mx\/en\/wp-json\/wp\/v2\/product_tag?post=24594"}],"curies":[{"name":"wp","href":"https:\/\/api.w.org\/{rel}","templated":true}]}}