{"id":24568,"date":"2024-10-06T22:22:27","date_gmt":"2024-10-07T04:22:27","guid":{"rendered":"https:\/\/dauch.com.mx\/?post_type=product&#038;p=24568"},"modified":"2024-10-30T12:59:13","modified_gmt":"2024-10-30T18:59:13","slug":"laberintos-intercambiables","status":"publish","type":"product","link":"https:\/\/dauch.com.mx\/en\/productos\/laberintos-intercambiables\/","title":{"rendered":"Laberintos intercambiables"},"content":{"rendered":"<p><span data-sheets-root=\"1\">Pon a prueba tu concentraci\u00f3n y habilidades motrices con este emocionante juego de destreza impreso en 3D, dise\u00f1o de laberintos intercambiables. <\/span><\/p>\n<p><span data-sheets-root=\"1\">Perfecto para todas las edades, este juego desaf\u00eda a los jugadores a guiar una peque\u00f1a esfera a trav\u00e9s de diferentes laberintos, cada uno con su propio nivel de dificultad. <\/span><\/p>\n<p><span data-sheets-root=\"1\">Cambia los laberintos f\u00e1cilmente para mantener el reto fresco y entretenido, y disfruta de horas de diversi\u00f3n y desaf\u00edo mental.<\/span><\/p>","protected":false},"excerpt":{"rendered":"<p><span data-sheets-root=\"1\">Juego de destreza impreso en 3D, con laberintos intercambiables.<\/span><\/p>","protected":false},"featured_media":24589,"comment_status":"closed","ping_status":"closed","template":"","meta":{"_acf_changed":false},"product_brand":[],"product_cat":[67,64],"product_tag":[],"class_list":{"0":"post-24568","1":"product","2":"type-product","3":"status-publish","4":"has-post-thumbnail","6":"product_cat-productos","7":"product_cat-puzzles","8":"nt-post-class","9":"masonry-item","10":"col-lg-6","11":"nt-default-format-box","12":"post-box-type-masonry","13":"","15":"first","16":"instock","17":"shipping-taxable","18":"purchasable","19":"product-type-variable"},"acf":[],"_links":{"self":[{"href":"https:\/\/dauch.com.mx\/en\/wp-json\/wp\/v2\/product\/24568","targetHints":{"allow":["GET"]}}],"collection":[{"href":"https:\/\/dauch.com.mx\/en\/wp-json\/wp\/v2\/product"}],"about":[{"href":"https:\/\/dauch.com.mx\/en\/wp-json\/wp\/v2\/types\/product"}],"replies":[{"embeddable":true,"href":"https:\/\/dauch.com.mx\/en\/wp-json\/wp\/v2\/comments?post=24568"}],"version-history":[{"count":1,"href":"https:\/\/dauch.com.mx\/en\/wp-json\/wp\/v2\/product\/24568\/revisions"}],"predecessor-version":[{"id":25216,"href":"https:\/\/dauch.com.mx\/en\/wp-json\/wp\/v2\/product\/24568\/revisions\/25216"}],"wp:featuredmedia":[{"embeddable":true,"href":"https:\/\/dauch.com.mx\/en\/wp-json\/wp\/v2\/media\/24589"}],"wp:attachment":[{"href":"https:\/\/dauch.com.mx\/en\/wp-json\/wp\/v2\/media?parent=24568"}],"wp:term":[{"taxonomy":"product_brand","embeddable":true,"href":"https:\/\/dauch.com.mx\/en\/wp-json\/wp\/v2\/product_brand?post=24568"},{"taxonomy":"product_cat","embeddable":true,"href":"https:\/\/dauch.com.mx\/en\/wp-json\/wp\/v2\/product_cat?post=24568"},{"taxonomy":"product_tag","embeddable":true,"href":"https:\/\/dauch.com.mx\/en\/wp-json\/wp\/v2\/product_tag?post=24568"}],"curies":[{"name":"wp","href":"https:\/\/api.w.org\/{rel}","templated":true}]}}