{"id":24534,"date":"2024-10-06T21:37:53","date_gmt":"2024-10-07T03:37:53","guid":{"rendered":"https:\/\/dauch.com.mx\/?post_type=product&#038;p=24534"},"modified":"2024-10-11T23:05:04","modified_gmt":"2024-10-12T05:05:04","slug":"organizador-de-fotos-polaroid-2","status":"publish","type":"product","link":"https:\/\/dauch.com.mx\/en\/organizadores\/organizador-de-fotos-polaroid-2\/","title":{"rendered":"Organizador de fotos Polaroid 2"},"content":{"rendered":"<p><span data-sheets-root=\"1\">Muestra tus momentos favoritos con este elegante organizador para 3 fotos Polaroid.<\/span><\/p>\n<p><span data-sheets-root=\"1\">Dise\u00f1ado para quienes aman capturar y exponer sus recuerdos, este marco organizador es perfecto para darles el lugar que merecen. <\/span><\/p>\n<p><span data-sheets-root=\"1\">Con un dise\u00f1o atractivo y moderno, se convertir\u00e1 en un hermoso detalle decorativo en cualquier habitaci\u00f3n, oficina o espacio personal.<\/span><\/p>","protected":false},"excerpt":{"rendered":"<p><span data-sheets-root=\"1\">Organizador para 3 fotos Polaroid para mostrar tus momentos favoritos en un espacio atractivo. Con detalles frontales<\/span><\/p>","protected":false},"featured_media":24540,"comment_status":"closed","ping_status":"closed","template":"","meta":{"_acf_changed":false},"product_brand":[],"product_cat":[66,67],"product_tag":[],"class_list":{"0":"post-24534","1":"product","2":"type-product","3":"status-publish","4":"has-post-thumbnail","6":"product_cat-organizadores","7":"product_cat-productos","8":"nt-post-class","9":"masonry-item","10":"col-lg-6","11":"nt-default-format-box","12":"post-box-type-masonry","13":"","15":"first","16":"instock","17":"shipping-taxable","18":"purchasable","19":"product-type-variable"},"acf":[],"_links":{"self":[{"href":"https:\/\/dauch.com.mx\/en\/wp-json\/wp\/v2\/product\/24534","targetHints":{"allow":["GET"]}}],"collection":[{"href":"https:\/\/dauch.com.mx\/en\/wp-json\/wp\/v2\/product"}],"about":[{"href":"https:\/\/dauch.com.mx\/en\/wp-json\/wp\/v2\/types\/product"}],"replies":[{"embeddable":true,"href":"https:\/\/dauch.com.mx\/en\/wp-json\/wp\/v2\/comments?post=24534"}],"version-history":[{"count":0,"href":"https:\/\/dauch.com.mx\/en\/wp-json\/wp\/v2\/product\/24534\/revisions"}],"wp:featuredmedia":[{"embeddable":true,"href":"https:\/\/dauch.com.mx\/en\/wp-json\/wp\/v2\/media\/24540"}],"wp:attachment":[{"href":"https:\/\/dauch.com.mx\/en\/wp-json\/wp\/v2\/media?parent=24534"}],"wp:term":[{"taxonomy":"product_brand","embeddable":true,"href":"https:\/\/dauch.com.mx\/en\/wp-json\/wp\/v2\/product_brand?post=24534"},{"taxonomy":"product_cat","embeddable":true,"href":"https:\/\/dauch.com.mx\/en\/wp-json\/wp\/v2\/product_cat?post=24534"},{"taxonomy":"product_tag","embeddable":true,"href":"https:\/\/dauch.com.mx\/en\/wp-json\/wp\/v2\/product_tag?post=24534"}],"curies":[{"name":"wp","href":"https:\/\/api.w.org\/{rel}","templated":true}]}}