{"id":22866,"date":"2024-10-06T19:54:23","date_gmt":"2024-10-07T01:54:23","guid":{"rendered":"https:\/\/dauch.com.mx\/?post_type=product&#038;p=22866"},"modified":"2024-10-11T23:19:07","modified_gmt":"2024-10-12T05:19:07","slug":"lampara-de-sala","status":"publish","type":"product","link":"https:\/\/dauch.com.mx\/en\/lamparas\/lampara-de-sala\/","title":{"rendered":"Lampara de sala"},"content":{"rendered":"<p><span data-sheets-root=\"1\">Descubre la elegancia del dise\u00f1o minimalista con nuestra l\u00e1mpara de sala, creada para a\u00f1adir un toque moderno y sofisticado a tu espacio. <\/span><\/p>\n<p><span data-sheets-root=\"1\">Su base elevada no solo proporciona una altura ideal para una iluminaci\u00f3n uniforme, sino que tambi\u00e9n resalta el estilo sencillo y limpio de la l\u00e1mpara.<\/span><\/p>","protected":false},"excerpt":{"rendered":"<p><span data-sheets-root=\"1\">Elegante y minimalista l\u00e1mpara de sala, especial para a\u00f1adir un toque moderno a cualquier espacio.<\/span><\/p>","protected":false},"featured_media":22907,"comment_status":"closed","ping_status":"closed","template":"","meta":{"_acf_changed":false},"product_brand":[],"product_cat":[65,67],"product_tag":[],"class_list":{"0":"post-22866","1":"product","2":"type-product","3":"status-publish","4":"has-post-thumbnail","6":"product_cat-lamparas","7":"product_cat-productos","8":"nt-post-class","9":"masonry-item","10":"col-lg-6","11":"nt-default-format-box","12":"post-box-type-masonry","13":"","15":"first","16":"instock","17":"shipping-taxable","18":"purchasable","19":"product-type-variable"},"acf":[],"_links":{"self":[{"href":"https:\/\/dauch.com.mx\/en\/wp-json\/wp\/v2\/product\/22866","targetHints":{"allow":["GET"]}}],"collection":[{"href":"https:\/\/dauch.com.mx\/en\/wp-json\/wp\/v2\/product"}],"about":[{"href":"https:\/\/dauch.com.mx\/en\/wp-json\/wp\/v2\/types\/product"}],"replies":[{"embeddable":true,"href":"https:\/\/dauch.com.mx\/en\/wp-json\/wp\/v2\/comments?post=22866"}],"version-history":[{"count":0,"href":"https:\/\/dauch.com.mx\/en\/wp-json\/wp\/v2\/product\/22866\/revisions"}],"wp:featuredmedia":[{"embeddable":true,"href":"https:\/\/dauch.com.mx\/en\/wp-json\/wp\/v2\/media\/22907"}],"wp:attachment":[{"href":"https:\/\/dauch.com.mx\/en\/wp-json\/wp\/v2\/media?parent=22866"}],"wp:term":[{"taxonomy":"product_brand","embeddable":true,"href":"https:\/\/dauch.com.mx\/en\/wp-json\/wp\/v2\/product_brand?post=22866"},{"taxonomy":"product_cat","embeddable":true,"href":"https:\/\/dauch.com.mx\/en\/wp-json\/wp\/v2\/product_cat?post=22866"},{"taxonomy":"product_tag","embeddable":true,"href":"https:\/\/dauch.com.mx\/en\/wp-json\/wp\/v2\/product_tag?post=22866"}],"curies":[{"name":"wp","href":"https:\/\/api.w.org\/{rel}","templated":true}]}}