{"id":22543,"date":"2024-10-06T19:02:19","date_gmt":"2024-10-07T01:02:19","guid":{"rendered":"https:\/\/dauch.com.mx\/?post_type=product&#038;p=22543"},"modified":"2024-10-11T23:23:22","modified_gmt":"2024-10-12T05:23:22","slug":"lampara-de-escritorio","status":"publish","type":"product","link":"https:\/\/dauch.com.mx\/en\/lamparas\/lampara-de-escritorio\/","title":{"rendered":"L\u00e1mpara de escritorio"},"content":{"rendered":"<p><span data-sheets-root=\"1\">A\u00f1ade un toque de sofisticaci\u00f3n a tu espacio de trabajo con nuestra l\u00e1mpara de escritorio con luz c\u00e1lida o fr\u00eda, puedes elegir una de nuestros 4 dise\u00f1os diferentes que manejamos. <\/span><\/p>\n<p><span data-sheets-root=\"1\">Su dise\u00f1o elegante y funcional proporciona una iluminaci\u00f3n suave y envolvente, perfecta para crear un ambiente acogedor y c\u00f3modo durante largas horas de estudio o trabajo.<\/span><\/p>","protected":false},"excerpt":{"rendered":"<p><span data-sheets-root=\"1\">Elegante y funcional l\u00e1mpara de escritorio con iluminaci\u00f3n suave.<\/span><\/p>","protected":false},"featured_media":22584,"comment_status":"closed","ping_status":"closed","template":"","meta":{"_acf_changed":false},"product_brand":[],"product_cat":[65,67],"product_tag":[],"class_list":{"0":"post-22543","1":"product","2":"type-product","3":"status-publish","4":"has-post-thumbnail","6":"product_cat-lamparas","7":"product_cat-productos","8":"nt-post-class","9":"masonry-item","10":"col-lg-6","11":"nt-default-format-box","12":"post-box-type-masonry","13":"","15":"first","16":"instock","17":"shipping-taxable","18":"purchasable","19":"product-type-variable"},"acf":[],"_links":{"self":[{"href":"https:\/\/dauch.com.mx\/en\/wp-json\/wp\/v2\/product\/22543","targetHints":{"allow":["GET"]}}],"collection":[{"href":"https:\/\/dauch.com.mx\/en\/wp-json\/wp\/v2\/product"}],"about":[{"href":"https:\/\/dauch.com.mx\/en\/wp-json\/wp\/v2\/types\/product"}],"replies":[{"embeddable":true,"href":"https:\/\/dauch.com.mx\/en\/wp-json\/wp\/v2\/comments?post=22543"}],"version-history":[{"count":0,"href":"https:\/\/dauch.com.mx\/en\/wp-json\/wp\/v2\/product\/22543\/revisions"}],"wp:featuredmedia":[{"embeddable":true,"href":"https:\/\/dauch.com.mx\/en\/wp-json\/wp\/v2\/media\/22584"}],"wp:attachment":[{"href":"https:\/\/dauch.com.mx\/en\/wp-json\/wp\/v2\/media?parent=22543"}],"wp:term":[{"taxonomy":"product_brand","embeddable":true,"href":"https:\/\/dauch.com.mx\/en\/wp-json\/wp\/v2\/product_brand?post=22543"},{"taxonomy":"product_cat","embeddable":true,"href":"https:\/\/dauch.com.mx\/en\/wp-json\/wp\/v2\/product_cat?post=22543"},{"taxonomy":"product_tag","embeddable":true,"href":"https:\/\/dauch.com.mx\/en\/wp-json\/wp\/v2\/product_tag?post=22543"}],"curies":[{"name":"wp","href":"https:\/\/api.w.org\/{rel}","templated":true}]}}