{"id":22440,"date":"2024-10-06T18:18:06","date_gmt":"2024-10-07T00:18:06","guid":{"rendered":"https:\/\/dauch.com.mx\/?post_type=product&#038;p=22440"},"modified":"2024-10-11T23:36:14","modified_gmt":"2024-10-12T05:36:14","slug":"lampara-colgante-1","status":"publish","type":"product","link":"https:\/\/dauch.com.mx\/en\/lamparas\/lampara-colgante-1\/","title":{"rendered":"Lampara colgante 1"},"content":{"rendered":"<p><span data-sheets-root=\"1\">Ilumina tu espacio con estilo y elegancia con esta l\u00e1mpara colgante impresa en 3D, que presenta un sofisticado dise\u00f1o de ondas verticales. <\/span><\/p>\n<p><span data-sheets-root=\"1\">Ideal para a\u00f1adir un toque moderno a cualquier habitaci\u00f3n, esta l\u00e1mpara combina funcionalidad con un dise\u00f1o \u00fanico que proyecta sombras suaves, c\u00e1lidas o fr\u00edas, creando un ambiente acogedor. <\/span><\/p>\n<p><span data-sheets-root=\"1\">Su estructura ligera y resistente la convierte en una opci\u00f3n perfecta para espacios interiores, ya sea en el hogar o la oficina.<\/span><\/p>","protected":false},"excerpt":{"rendered":"<p><span data-sheets-root=\"1\">L\u00e1mpara colgante con un sofisticado dise\u00f1o de ondas verticales. Ideal para a\u00f1adir un toque moderno a cualquier habitaci\u00f3n.<\/span><\/p>","protected":false},"featured_media":22473,"comment_status":"closed","ping_status":"closed","template":"","meta":{"_acf_changed":false},"product_brand":[],"product_cat":[65,67],"product_tag":[],"class_list":{"0":"post-22440","1":"product","2":"type-product","3":"status-publish","4":"has-post-thumbnail","6":"product_cat-lamparas","7":"product_cat-productos","8":"nt-post-class","9":"masonry-item","10":"col-lg-6","11":"nt-default-format-box","12":"post-box-type-masonry","13":"","15":"first","16":"instock","17":"shipping-taxable","18":"purchasable","19":"product-type-variable"},"acf":[],"_links":{"self":[{"href":"https:\/\/dauch.com.mx\/en\/wp-json\/wp\/v2\/product\/22440","targetHints":{"allow":["GET"]}}],"collection":[{"href":"https:\/\/dauch.com.mx\/en\/wp-json\/wp\/v2\/product"}],"about":[{"href":"https:\/\/dauch.com.mx\/en\/wp-json\/wp\/v2\/types\/product"}],"replies":[{"embeddable":true,"href":"https:\/\/dauch.com.mx\/en\/wp-json\/wp\/v2\/comments?post=22440"}],"version-history":[{"count":0,"href":"https:\/\/dauch.com.mx\/en\/wp-json\/wp\/v2\/product\/22440\/revisions"}],"wp:featuredmedia":[{"embeddable":true,"href":"https:\/\/dauch.com.mx\/en\/wp-json\/wp\/v2\/media\/22473"}],"wp:attachment":[{"href":"https:\/\/dauch.com.mx\/en\/wp-json\/wp\/v2\/media?parent=22440"}],"wp:term":[{"taxonomy":"product_brand","embeddable":true,"href":"https:\/\/dauch.com.mx\/en\/wp-json\/wp\/v2\/product_brand?post=22440"},{"taxonomy":"product_cat","embeddable":true,"href":"https:\/\/dauch.com.mx\/en\/wp-json\/wp\/v2\/product_cat?post=22440"},{"taxonomy":"product_tag","embeddable":true,"href":"https:\/\/dauch.com.mx\/en\/wp-json\/wp\/v2\/product_tag?post=22440"}],"curies":[{"name":"wp","href":"https:\/\/api.w.org\/{rel}","templated":true}]}}