{"id":22344,"date":"2024-10-06T14:09:19","date_gmt":"2024-10-06T20:09:19","guid":{"rendered":"https:\/\/dauch.com.mx\/?post_type=product&#038;p=22344"},"modified":"2024-10-11T23:38:15","modified_gmt":"2024-10-12T05:38:15","slug":"maceta-colgante-modelo-1","status":"publish","type":"product","link":"https:\/\/dauch.com.mx\/en\/macetas\/maceta-colgante-modelo-1\/","title":{"rendered":"Maceta colgante (modelo 1)"},"content":{"rendered":"<p><span data-sheets-root=\"1\">Agrega un toque moderno y elegante a tu espacio con esta maceta colgante impresa en 3D, destacada por su dise\u00f1o de ondas verticales. <\/span><\/p>\n<p><span data-sheets-root=\"1\">Perfecta para interiores o exteriores, esta maceta combina funcionalidad y estilo, convirti\u00e9ndose en un elemento decorativo ideal para plantas peque\u00f1as o suculentas. <\/span><\/p>\n<p><span data-sheets-root=\"1\">Su estructura ligera, pero resistente y su dise\u00f1o \u00fanico atraer\u00e1n todas las miradas, aportando un aire fresco y natural a cualquier ambiente.<\/span><\/p>","protected":false},"excerpt":{"rendered":"<p><span data-sheets-root=\"1\">Maceta colgante dise\u00f1ado con ondas verticales, perfecta para interiores y exteriores.<\/span><\/p>","protected":false},"featured_media":22374,"comment_status":"closed","ping_status":"closed","template":"","meta":{"_acf_changed":false},"product_brand":[],"product_cat":[63,67],"product_tag":[],"class_list":{"0":"post-22344","1":"product","2":"type-product","3":"status-publish","4":"has-post-thumbnail","6":"product_cat-macetas","7":"product_cat-productos","8":"nt-post-class","9":"masonry-item","10":"col-lg-6","11":"nt-default-format-box","12":"post-box-type-masonry","13":"","15":"first","16":"instock","17":"shipping-taxable","18":"purchasable","19":"product-type-variable"},"acf":[],"_links":{"self":[{"href":"https:\/\/dauch.com.mx\/en\/wp-json\/wp\/v2\/product\/22344","targetHints":{"allow":["GET"]}}],"collection":[{"href":"https:\/\/dauch.com.mx\/en\/wp-json\/wp\/v2\/product"}],"about":[{"href":"https:\/\/dauch.com.mx\/en\/wp-json\/wp\/v2\/types\/product"}],"replies":[{"embeddable":true,"href":"https:\/\/dauch.com.mx\/en\/wp-json\/wp\/v2\/comments?post=22344"}],"version-history":[{"count":0,"href":"https:\/\/dauch.com.mx\/en\/wp-json\/wp\/v2\/product\/22344\/revisions"}],"wp:featuredmedia":[{"embeddable":true,"href":"https:\/\/dauch.com.mx\/en\/wp-json\/wp\/v2\/media\/22374"}],"wp:attachment":[{"href":"https:\/\/dauch.com.mx\/en\/wp-json\/wp\/v2\/media?parent=22344"}],"wp:term":[{"taxonomy":"product_brand","embeddable":true,"href":"https:\/\/dauch.com.mx\/en\/wp-json\/wp\/v2\/product_brand?post=22344"},{"taxonomy":"product_cat","embeddable":true,"href":"https:\/\/dauch.com.mx\/en\/wp-json\/wp\/v2\/product_cat?post=22344"},{"taxonomy":"product_tag","embeddable":true,"href":"https:\/\/dauch.com.mx\/en\/wp-json\/wp\/v2\/product_tag?post=22344"}],"curies":[{"name":"wp","href":"https:\/\/api.w.org\/{rel}","templated":true}]}}