{"id":22330,"date":"2024-10-06T13:58:31","date_gmt":"2024-10-06T19:58:31","guid":{"rendered":"https:\/\/dauch.com.mx\/?post_type=product&#038;p=22330"},"modified":"2024-10-11T23:39:33","modified_gmt":"2024-10-12T05:39:33","slug":"ping-pong","status":"publish","type":"product","link":"https:\/\/dauch.com.mx\/en\/juegos\/ping-pong\/","title":{"rendered":"Ping-Pong"},"content":{"rendered":"<p><span data-sheets-root=\"1\">Disfruta del cl\u00e1sico y emocionante juego de ping-pong en cualquier lugar con este set impreso en 3D. <\/span><\/p>\n<p><span data-sheets-root=\"1\">Perfecto para partidas r\u00e1pidas y entretenidas, este set incluye raquetas ligeras y resistentes, junto con una pelota dise\u00f1ada para ofrecer un rebote \u00e1gil y consistente. <\/span><\/p>\n<p><span data-sheets-root=\"1\">Ya sea en casa, en la oficina o en exteriores, este juego de ping-pong impreso en 3D combina portabilidad y diversi\u00f3n para jugadores de todas las edades.<\/span><\/p>","protected":false},"excerpt":{"rendered":"<p><span data-sheets-root=\"1\">Set de ping-pong impreso en 3D incluye raqueta y pelota.<\/span><\/p>","protected":false},"featured_media":22336,"comment_status":"closed","ping_status":"closed","template":"","meta":{"_acf_changed":false},"product_brand":[],"product_cat":[62,67],"product_tag":[],"class_list":{"0":"post-22330","1":"product","2":"type-product","3":"status-publish","4":"has-post-thumbnail","6":"product_cat-juegos","7":"product_cat-productos","8":"nt-post-class","9":"masonry-item","10":"col-lg-6","11":"nt-default-format-box","12":"post-box-type-masonry","13":"","15":"first","16":"instock","17":"shipping-taxable","18":"purchasable","19":"product-type-variable"},"acf":[],"_links":{"self":[{"href":"https:\/\/dauch.com.mx\/en\/wp-json\/wp\/v2\/product\/22330","targetHints":{"allow":["GET"]}}],"collection":[{"href":"https:\/\/dauch.com.mx\/en\/wp-json\/wp\/v2\/product"}],"about":[{"href":"https:\/\/dauch.com.mx\/en\/wp-json\/wp\/v2\/types\/product"}],"replies":[{"embeddable":true,"href":"https:\/\/dauch.com.mx\/en\/wp-json\/wp\/v2\/comments?post=22330"}],"version-history":[{"count":0,"href":"https:\/\/dauch.com.mx\/en\/wp-json\/wp\/v2\/product\/22330\/revisions"}],"wp:featuredmedia":[{"embeddable":true,"href":"https:\/\/dauch.com.mx\/en\/wp-json\/wp\/v2\/media\/22336"}],"wp:attachment":[{"href":"https:\/\/dauch.com.mx\/en\/wp-json\/wp\/v2\/media?parent=22330"}],"wp:term":[{"taxonomy":"product_brand","embeddable":true,"href":"https:\/\/dauch.com.mx\/en\/wp-json\/wp\/v2\/product_brand?post=22330"},{"taxonomy":"product_cat","embeddable":true,"href":"https:\/\/dauch.com.mx\/en\/wp-json\/wp\/v2\/product_cat?post=22330"},{"taxonomy":"product_tag","embeddable":true,"href":"https:\/\/dauch.com.mx\/en\/wp-json\/wp\/v2\/product_tag?post=22330"}],"curies":[{"name":"wp","href":"https:\/\/api.w.org\/{rel}","templated":true}]}}