{"id":22297,"date":"2024-10-05T20:03:46","date_gmt":"2024-10-06T02:03:46","guid":{"rendered":"https:\/\/dauch.com.mx\/?post_type=product&#038;p=22297"},"modified":"2024-10-11T23:42:32","modified_gmt":"2024-10-12T05:42:32","slug":"tic-tac-toe","status":"publish","type":"product","link":"https:\/\/dauch.com.mx\/en\/juegos\/tic-tac-toe\/","title":{"rendered":"Tic Tac Toe"},"content":{"rendered":"<p><span data-sheets-root=\"1\">Revive la diversi\u00f3n del cl\u00e1sico juego de Tic Tac Toe con este set impreso en 3D, dise\u00f1ado para agregar un toque moderno a un entretenimiento tradicional.<\/span><\/p>\n<p><span data-sheets-root=\"1\"> Compacto y f\u00e1cil de transportar, este juego es ideal para disfrutar en casa, en la oficina o como un regalo original para amigos y familiares. <\/span><\/p>\n<p><span data-sheets-root=\"1\">Con piezas de alta calidad y un tablero robusto, este Tic Tac Toe es tan decorativo como divertido. Incluye 12 piezas.<\/span><\/p>","protected":false},"excerpt":{"rendered":"<p><span data-sheets-root=\"1\">Tic Tac Toe set impreso en 3D, compacto y f\u00e1cil de transportar.<\/span><\/p>","protected":false},"featured_media":22304,"comment_status":"closed","ping_status":"closed","template":"","meta":{"_acf_changed":false},"product_brand":[],"product_cat":[62,67],"product_tag":[],"class_list":{"0":"post-22297","1":"product","2":"type-product","3":"status-publish","4":"has-post-thumbnail","6":"product_cat-juegos","7":"product_cat-productos","8":"nt-post-class","9":"masonry-item","10":"col-lg-6","11":"nt-default-format-box","12":"post-box-type-masonry","13":"","15":"first","16":"instock","17":"shipping-taxable","18":"purchasable","19":"product-type-variable"},"acf":[],"_links":{"self":[{"href":"https:\/\/dauch.com.mx\/en\/wp-json\/wp\/v2\/product\/22297","targetHints":{"allow":["GET"]}}],"collection":[{"href":"https:\/\/dauch.com.mx\/en\/wp-json\/wp\/v2\/product"}],"about":[{"href":"https:\/\/dauch.com.mx\/en\/wp-json\/wp\/v2\/types\/product"}],"replies":[{"embeddable":true,"href":"https:\/\/dauch.com.mx\/en\/wp-json\/wp\/v2\/comments?post=22297"}],"version-history":[{"count":0,"href":"https:\/\/dauch.com.mx\/en\/wp-json\/wp\/v2\/product\/22297\/revisions"}],"wp:featuredmedia":[{"embeddable":true,"href":"https:\/\/dauch.com.mx\/en\/wp-json\/wp\/v2\/media\/22304"}],"wp:attachment":[{"href":"https:\/\/dauch.com.mx\/en\/wp-json\/wp\/v2\/media?parent=22297"}],"wp:term":[{"taxonomy":"product_brand","embeddable":true,"href":"https:\/\/dauch.com.mx\/en\/wp-json\/wp\/v2\/product_brand?post=22297"},{"taxonomy":"product_cat","embeddable":true,"href":"https:\/\/dauch.com.mx\/en\/wp-json\/wp\/v2\/product_cat?post=22297"},{"taxonomy":"product_tag","embeddable":true,"href":"https:\/\/dauch.com.mx\/en\/wp-json\/wp\/v2\/product_tag?post=22297"}],"curies":[{"name":"wp","href":"https:\/\/api.w.org\/{rel}","templated":true}]}}