{"id":21968,"date":"2024-10-03T23:20:11","date_gmt":"2024-10-04T05:20:11","guid":{"rendered":"https:\/\/dauch.com.mx\/?post_type=product&#038;p=21968"},"modified":"2024-10-11T23:54:22","modified_gmt":"2024-10-12T05:54:22","slug":"organizador-de-lapiceros","status":"publish","type":"product","link":"https:\/\/dauch.com.mx\/en\/gadgets\/organizador-de-lapiceros\/","title":{"rendered":"Organizador de lapiceros"},"content":{"rendered":"<p><span data-sheets-root=\"1\">Mant\u00e9n tu escritorio en perfecto orden con nuestro organizador para l\u00e1pices y lapiceros de dise\u00f1o moderno y minimalista. <\/span><\/p>\n<p><span data-sheets-root=\"1\">Con un elegante patr\u00f3n ondulado, estos compartimentos que pueden adherirse uno a otro no solo ofrecen una soluci\u00f3n pr\u00e1ctica para organizar tus herramientas de trabajo, sino que tambi\u00e9n a\u00f1aden un toque de sofisticaci\u00f3n a cualquier espacio. <\/span><\/p>\n<p><span data-sheets-root=\"1\">Ideal para oficinas, estudios, y escritorios en casa.<\/span><\/p>","protected":false},"excerpt":{"rendered":"<p><span data-sheets-root=\"1\">Mant\u00e9n un perfecto orden con nuestro organizador para l\u00e1pices y lapiceros con dise\u00f1o minimalista y muy atractivo.<\/span><\/p>","protected":false},"featured_media":22274,"comment_status":"closed","ping_status":"closed","template":"","meta":{"_acf_changed":false},"product_brand":[],"product_cat":[60,67],"product_tag":[],"class_list":{"0":"post-21968","1":"product","2":"type-product","3":"status-publish","4":"has-post-thumbnail","6":"product_cat-gadgets","7":"product_cat-productos","8":"nt-post-class","9":"masonry-item","10":"col-lg-6","11":"nt-default-format-box","12":"post-box-type-masonry","13":"","15":"first","16":"instock","17":"shipping-taxable","18":"purchasable","19":"product-type-variable"},"acf":[],"_links":{"self":[{"href":"https:\/\/dauch.com.mx\/en\/wp-json\/wp\/v2\/product\/21968","targetHints":{"allow":["GET"]}}],"collection":[{"href":"https:\/\/dauch.com.mx\/en\/wp-json\/wp\/v2\/product"}],"about":[{"href":"https:\/\/dauch.com.mx\/en\/wp-json\/wp\/v2\/types\/product"}],"replies":[{"embeddable":true,"href":"https:\/\/dauch.com.mx\/en\/wp-json\/wp\/v2\/comments?post=21968"}],"version-history":[{"count":0,"href":"https:\/\/dauch.com.mx\/en\/wp-json\/wp\/v2\/product\/21968\/revisions"}],"wp:featuredmedia":[{"embeddable":true,"href":"https:\/\/dauch.com.mx\/en\/wp-json\/wp\/v2\/media\/22274"}],"wp:attachment":[{"href":"https:\/\/dauch.com.mx\/en\/wp-json\/wp\/v2\/media?parent=21968"}],"wp:term":[{"taxonomy":"product_brand","embeddable":true,"href":"https:\/\/dauch.com.mx\/en\/wp-json\/wp\/v2\/product_brand?post=21968"},{"taxonomy":"product_cat","embeddable":true,"href":"https:\/\/dauch.com.mx\/en\/wp-json\/wp\/v2\/product_cat?post=21968"},{"taxonomy":"product_tag","embeddable":true,"href":"https:\/\/dauch.com.mx\/en\/wp-json\/wp\/v2\/product_tag?post=21968"}],"curies":[{"name":"wp","href":"https:\/\/api.w.org\/{rel}","templated":true}]}}