{"id":21936,"date":"2024-10-03T23:02:56","date_gmt":"2024-10-04T05:02:56","guid":{"rendered":"https:\/\/dauch.com.mx\/?post_type=product&#038;p=21936"},"modified":"2024-10-11T23:51:06","modified_gmt":"2024-10-12T05:51:06","slug":"plantillas-para-post-it","status":"publish","type":"product","link":"https:\/\/dauch.com.mx\/en\/gadgets\/plantillas-para-post-it\/","title":{"rendered":"Plantillas para Post-it"},"content":{"rendered":"<p><span data-sheets-root=\"1\">Organiza y personaliza tus Post-its de forma r\u00e1pida y precisa con estas plantillas impresas en 3D. Dise\u00f1adas para crear l\u00edneas verticales, horizontales, flechas y checklists, estas plantillas son el accesorio perfecto para quienes buscan mantener sus notas bien estructuradas y visualmente atractivas. <\/span><\/p>\n<p><span data-sheets-root=\"1\">Con un dise\u00f1o compacto y f\u00e1cil de usar, son ideales para oficinas, estudios y entornos creativos.<\/span><\/p>","protected":false},"excerpt":{"rendered":"<p><span data-sheets-root=\"1\">Organizador y plantillas para <strong>post-its<\/strong> para crear l\u00edneas verticales, horizontales, flechas y checklists<\/span><\/p>","protected":false},"featured_media":22248,"comment_status":"closed","ping_status":"closed","template":"","meta":{"_acf_changed":false},"product_brand":[],"product_cat":[60,67],"product_tag":[],"class_list":{"0":"post-21936","1":"product","2":"type-product","3":"status-publish","4":"has-post-thumbnail","6":"product_cat-gadgets","7":"product_cat-productos","8":"nt-post-class","9":"masonry-item","10":"col-lg-6","11":"nt-default-format-box","12":"post-box-type-masonry","13":"","15":"first","16":"instock","17":"shipping-taxable","18":"purchasable","19":"product-type-variable"},"acf":[],"_links":{"self":[{"href":"https:\/\/dauch.com.mx\/en\/wp-json\/wp\/v2\/product\/21936","targetHints":{"allow":["GET"]}}],"collection":[{"href":"https:\/\/dauch.com.mx\/en\/wp-json\/wp\/v2\/product"}],"about":[{"href":"https:\/\/dauch.com.mx\/en\/wp-json\/wp\/v2\/types\/product"}],"replies":[{"embeddable":true,"href":"https:\/\/dauch.com.mx\/en\/wp-json\/wp\/v2\/comments?post=21936"}],"version-history":[{"count":0,"href":"https:\/\/dauch.com.mx\/en\/wp-json\/wp\/v2\/product\/21936\/revisions"}],"wp:featuredmedia":[{"embeddable":true,"href":"https:\/\/dauch.com.mx\/en\/wp-json\/wp\/v2\/media\/22248"}],"wp:attachment":[{"href":"https:\/\/dauch.com.mx\/en\/wp-json\/wp\/v2\/media?parent=21936"}],"wp:term":[{"taxonomy":"product_brand","embeddable":true,"href":"https:\/\/dauch.com.mx\/en\/wp-json\/wp\/v2\/product_brand?post=21936"},{"taxonomy":"product_cat","embeddable":true,"href":"https:\/\/dauch.com.mx\/en\/wp-json\/wp\/v2\/product_cat?post=21936"},{"taxonomy":"product_tag","embeddable":true,"href":"https:\/\/dauch.com.mx\/en\/wp-json\/wp\/v2\/product_tag?post=21936"}],"curies":[{"name":"wp","href":"https:\/\/api.w.org\/{rel}","templated":true}]}}