{"id":21892,"date":"2024-10-03T22:14:09","date_gmt":"2024-10-04T04:14:09","guid":{"rendered":"https:\/\/dauch.com.mx\/?post_type=product&#038;p=21892"},"modified":"2024-10-11T23:57:52","modified_gmt":"2024-10-12T05:57:52","slug":"micro-sd-holder","status":"publish","type":"product","link":"https:\/\/dauch.com.mx\/en\/gadgets\/micro-sd-holder\/","title":{"rendered":"Micro SD holder"},"content":{"rendered":"<p><span data-sheets-root=\"1\">Mant\u00e9n tus tarjetas <strong>Micro SD<\/strong> siempre <strong>organizadas<\/strong> y <strong>protegidas<\/strong> con este pr\u00e1ctico <strong>holder<\/strong>. <\/span><\/p>\n<p><span data-sheets-root=\"1\">Dise\u00f1ado para almacenar varias tarjetas en un solo lugar, este accesorio es <em><strong>imprescindible para fot\u00f3grafos<\/strong><\/em>, creadores de contenido, o cualquier persona que trabaje con m\u00faltiples dispositivos de almacenamiento. Su dise\u00f1o compacto y resistente garantiza que tus tarjetas est\u00e9n siempre a salvo, listas para ser usadas.<\/span><\/p>","protected":false},"excerpt":{"rendered":"<p><span data-sheets-root=\"1\">Organizador de <strong>Micro SD<\/strong> dise\u00f1o <strong>compacto<\/strong> y <strong>resistente<\/strong> perfecto para almacenar varias tarjetas, <\/span><\/p>","protected":false},"featured_media":22235,"comment_status":"closed","ping_status":"closed","template":"","meta":{"_acf_changed":false},"product_brand":[],"product_cat":[60,67],"product_tag":[],"class_list":{"0":"post-21892","1":"product","2":"type-product","3":"status-publish","4":"has-post-thumbnail","6":"product_cat-gadgets","7":"product_cat-productos","8":"nt-post-class","9":"masonry-item","10":"col-lg-6","11":"nt-default-format-box","12":"post-box-type-masonry","13":"","15":"first","16":"instock","17":"shipping-taxable","18":"purchasable","19":"product-type-variable"},"acf":[],"_links":{"self":[{"href":"https:\/\/dauch.com.mx\/en\/wp-json\/wp\/v2\/product\/21892","targetHints":{"allow":["GET"]}}],"collection":[{"href":"https:\/\/dauch.com.mx\/en\/wp-json\/wp\/v2\/product"}],"about":[{"href":"https:\/\/dauch.com.mx\/en\/wp-json\/wp\/v2\/types\/product"}],"replies":[{"embeddable":true,"href":"https:\/\/dauch.com.mx\/en\/wp-json\/wp\/v2\/comments?post=21892"}],"version-history":[{"count":0,"href":"https:\/\/dauch.com.mx\/en\/wp-json\/wp\/v2\/product\/21892\/revisions"}],"wp:featuredmedia":[{"embeddable":true,"href":"https:\/\/dauch.com.mx\/en\/wp-json\/wp\/v2\/media\/22235"}],"wp:attachment":[{"href":"https:\/\/dauch.com.mx\/en\/wp-json\/wp\/v2\/media?parent=21892"}],"wp:term":[{"taxonomy":"product_brand","embeddable":true,"href":"https:\/\/dauch.com.mx\/en\/wp-json\/wp\/v2\/product_brand?post=21892"},{"taxonomy":"product_cat","embeddable":true,"href":"https:\/\/dauch.com.mx\/en\/wp-json\/wp\/v2\/product_cat?post=21892"},{"taxonomy":"product_tag","embeddable":true,"href":"https:\/\/dauch.com.mx\/en\/wp-json\/wp\/v2\/product_tag?post=21892"}],"curies":[{"name":"wp","href":"https:\/\/api.w.org\/{rel}","templated":true}]}}