{"id":21864,"date":"2024-10-03T21:28:32","date_gmt":"2024-10-04T03:28:32","guid":{"rendered":"https:\/\/dauch.com.mx\/?post_type=product&#038;p=21864"},"modified":"2024-10-11T23:59:35","modified_gmt":"2024-10-12T05:59:35","slug":"calendario-para-escritorio","status":"publish","type":"product","link":"https:\/\/dauch.com.mx\/en\/gadgets\/calendario-para-escritorio\/","title":{"rendered":"Calendario para escritorio"},"content":{"rendered":"<p><span data-sheets-root=\"1\">Organiza tu tiempo con estilo con este \u201c<strong>calendario para escritorio\u201d.<\/strong><\/span><\/p>\n<p><span data-sheets-root=\"1\">Donde los d\u00edas y las fechas se presentan en cubos intercambiables. Perfecto para aquellos que buscan un accesorio funcional y decorativo, este calendario ofrece un toque moderno y creativo para tu oficina, sala de estar o estudio.<\/span><\/p>\n<p><span data-sheets-root=\"1\">Hecho con precisi\u00f3n mediante\u00a0<em><strong>impresi\u00f3n 3D<\/strong><\/em>, es una soluci\u00f3n\u00a0<strong>ecol\u00f3gica<\/strong>\u00a0y\u00a0<strong>reutilizable<\/strong>\u00a0para mantenerte al d\u00eda, a\u00f1o tras a\u00f1o.<\/span><\/p>","protected":false},"excerpt":{"rendered":"<p><strong>Calendario de escritorio<\/strong>, con cubos intercambiables, moderno y creativo.<\/p>","protected":false},"featured_media":22092,"comment_status":"closed","ping_status":"closed","template":"","meta":{"_acf_changed":false},"product_brand":[],"product_cat":[60,67],"product_tag":[],"class_list":{"0":"post-21864","1":"product","2":"type-product","3":"status-publish","4":"has-post-thumbnail","6":"product_cat-gadgets","7":"product_cat-productos","8":"nt-post-class","9":"masonry-item","10":"col-lg-6","11":"nt-default-format-box","12":"post-box-type-masonry","13":"","15":"first","16":"instock","17":"shipping-taxable","18":"purchasable","19":"product-type-variable"},"acf":[],"_links":{"self":[{"href":"https:\/\/dauch.com.mx\/en\/wp-json\/wp\/v2\/product\/21864","targetHints":{"allow":["GET"]}}],"collection":[{"href":"https:\/\/dauch.com.mx\/en\/wp-json\/wp\/v2\/product"}],"about":[{"href":"https:\/\/dauch.com.mx\/en\/wp-json\/wp\/v2\/types\/product"}],"replies":[{"embeddable":true,"href":"https:\/\/dauch.com.mx\/en\/wp-json\/wp\/v2\/comments?post=21864"}],"version-history":[{"count":0,"href":"https:\/\/dauch.com.mx\/en\/wp-json\/wp\/v2\/product\/21864\/revisions"}],"wp:featuredmedia":[{"embeddable":true,"href":"https:\/\/dauch.com.mx\/en\/wp-json\/wp\/v2\/media\/22092"}],"wp:attachment":[{"href":"https:\/\/dauch.com.mx\/en\/wp-json\/wp\/v2\/media?parent=21864"}],"wp:term":[{"taxonomy":"product_brand","embeddable":true,"href":"https:\/\/dauch.com.mx\/en\/wp-json\/wp\/v2\/product_brand?post=21864"},{"taxonomy":"product_cat","embeddable":true,"href":"https:\/\/dauch.com.mx\/en\/wp-json\/wp\/v2\/product_cat?post=21864"},{"taxonomy":"product_tag","embeddable":true,"href":"https:\/\/dauch.com.mx\/en\/wp-json\/wp\/v2\/product_tag?post=21864"}],"curies":[{"name":"wp","href":"https:\/\/api.w.org\/{rel}","templated":true}]}}