{"id":21651,"date":"2024-10-03T13:35:16","date_gmt":"2024-10-03T19:35:16","guid":{"rendered":"https:\/\/dauch.com.mx\/?post_type=product&#038;p=21651"},"modified":"2026-02-04T15:37:41","modified_gmt":"2026-02-04T21:37:41","slug":"bookmarks","status":"publish","type":"product","link":"https:\/\/dauch.com.mx\/en\/gadgets\/bookmarks\/","title":{"rendered":"Bookmarks"},"content":{"rendered":"<p><span data-sheets-root=\"1\">A\u00f1ade un toque de diversi\u00f3n a tus libros, libretas o documentos con estos llamativos marcadores de dise\u00f1o \u00fanico. Con figuras adorables como un gatito dormil\u00f3n, una flor vibrante, un tierno dinosaurio y un cohete espacial, estos separadores son perfectos para lectores <strong>j\u00f3venes<\/strong> y <strong>adultos<\/strong> que buscan <em><strong>darle vida a sus lecturas<\/strong><\/em>. <\/span><\/p>\n<p><span data-sheets-root=\"1\">Hechos con colores brillantes y formas encantadoras, \u00a1ser\u00e1n el accesorio perfecto para cualquier libro o cuaderno!<\/span><\/p>","protected":false},"excerpt":{"rendered":"<p><span data-sheets-root=\"1\"><strong>Bookmarks<\/strong> o marcadores para libros, brindan un toque de diversi\u00f3n con un dise\u00f1o llamativo y brillante.<\/span><\/p>","protected":false},"featured_media":22022,"comment_status":"open","ping_status":"closed","template":"","meta":{"_acf_changed":false},"product_brand":[],"product_cat":[60,67],"product_tag":[],"class_list":{"0":"post-21651","1":"product","2":"type-product","3":"status-publish","4":"has-post-thumbnail","6":"product_cat-gadgets","7":"product_cat-productos","8":"nt-post-class","9":"masonry-item","10":"col-lg-6","11":"nt-default-format-box","12":"post-box-type-masonry","13":"","15":"first","16":"instock","17":"shipping-taxable","18":"purchasable","19":"product-type-variable"},"acf":[],"_links":{"self":[{"href":"https:\/\/dauch.com.mx\/en\/wp-json\/wp\/v2\/product\/21651","targetHints":{"allow":["GET"]}}],"collection":[{"href":"https:\/\/dauch.com.mx\/en\/wp-json\/wp\/v2\/product"}],"about":[{"href":"https:\/\/dauch.com.mx\/en\/wp-json\/wp\/v2\/types\/product"}],"replies":[{"embeddable":true,"href":"https:\/\/dauch.com.mx\/en\/wp-json\/wp\/v2\/comments?post=21651"}],"version-history":[{"count":1,"href":"https:\/\/dauch.com.mx\/en\/wp-json\/wp\/v2\/product\/21651\/revisions"}],"predecessor-version":[{"id":25175,"href":"https:\/\/dauch.com.mx\/en\/wp-json\/wp\/v2\/product\/21651\/revisions\/25175"}],"wp:featuredmedia":[{"embeddable":true,"href":"https:\/\/dauch.com.mx\/en\/wp-json\/wp\/v2\/media\/22022"}],"wp:attachment":[{"href":"https:\/\/dauch.com.mx\/en\/wp-json\/wp\/v2\/media?parent=21651"}],"wp:term":[{"taxonomy":"product_brand","embeddable":true,"href":"https:\/\/dauch.com.mx\/en\/wp-json\/wp\/v2\/product_brand?post=21651"},{"taxonomy":"product_cat","embeddable":true,"href":"https:\/\/dauch.com.mx\/en\/wp-json\/wp\/v2\/product_cat?post=21651"},{"taxonomy":"product_tag","embeddable":true,"href":"https:\/\/dauch.com.mx\/en\/wp-json\/wp\/v2\/product_tag?post=21651"}],"curies":[{"name":"wp","href":"https:\/\/api.w.org\/{rel}","templated":true}]}}