{"id":918,"date":"2019-11-30T06:28:20","date_gmt":"2019-11-30T06:28:20","guid":{"rendered":"https:\/\/ninetheme.com\/themes\/quadron\/?page_id=918"},"modified":"2025-09-26T09:45:34","modified_gmt":"2025-09-26T15:45:34","slug":"contacto","status":"publish","type":"page","link":"https:\/\/dauch.com.mx\/en\/contacto\/","title":{"rendered":"Contact"},"content":{"rendered":"<div data-elementor-type=\"wp-page\" data-elementor-id=\"918\" class=\"elementor elementor-918\" data-elementor-post-type=\"page\">\n\t\t\t\t\t\t<section class=\"elementor-section elementor-top-section elementor-element elementor-element-648cbf88 elementor-section-stretched elementor-section-full_width elementor-section-height-default elementor-section-height-default section__indent-def section__outdent-def\" data-id=\"648cbf88\" data-element_type=\"section\" data-e-type=\"section\" data-settings=\"{&quot;stretch_section&quot;:&quot;section-stretched&quot;}\">\n\t\t\t\t\t\t<div class=\"elementor-container elementor-column-gap-no\">\n\t\t\t\t\t<div class=\"elementor-column elementor-col-100 elementor-top-column elementor-element elementor-element-128228df\" data-id=\"128228df\" data-element_type=\"column\" data-e-type=\"column\">\n\t\t\t<div class=\"elementor-widget-wrap elementor-element-populated\">\n\t\t\t\t\t\t<div class=\"elementor-element elementor-element-386b13d4 elementor-widget elementor-widget-quadron-page-hero-section\" data-id=\"386b13d4\" data-element_type=\"widget\" data-e-type=\"widget\" data-widget_type=\"quadron-page-hero-section.default\">\n\t\t\t\t<div class=\"elementor-widget-container\">\n\t\t\t\t\t<div class=\"section--no-padding section\"><div class=\"subpage-header\"><div class=\"subpage-header__bg\"><div class=\"container\"><div class=\"subpage-header__block\"><div class=\"subpage-header__caption\">Dauch<\/div><h1 class=\"subpage-header__title\">cont\u00e1ctanos<\/h1><div class=\"subpage-header__line\"><\/div><\/div><\/div><\/div><\/div><\/div>\t\t\t\t<\/div>\n\t\t\t\t<\/div>\n\t\t\t\t\t<\/div>\n\t\t<\/div>\n\t\t\t\t\t<\/div>\n\t\t<\/section>\n\t\t<div class=\"elementor-element elementor-element-e7d8775 e-con-full e-flex e-con e-parent\" data-id=\"e7d8775\" data-element_type=\"container\" data-e-type=\"container\">\n\t\t<div class=\"elementor-element elementor-element-b279f13 e-flex e-con-boxed e-con e-child\" data-id=\"b279f13\" data-element_type=\"container\" data-e-type=\"container\">\n\t\t\t\t\t<div class=\"e-con-inner\">\n\t\t\t\t<div class=\"elementor-element elementor-element-cc94a27 elementor-widget elementor-widget-text-editor\" data-id=\"cc94a27\" data-element_type=\"widget\" data-e-type=\"widget\" data-widget_type=\"text-editor.default\">\n\t\t\t\t<div class=\"elementor-widget-container\">\n\t\t\t\t\t\t\t\t\tEn <strong>DAUCH<\/strong> llevamos la innovaci\u00f3n a nuevos horizontes con drones, nuestros equipos a\u00e9reos permiten realizar levantamientos topogr\u00e1ficos de alta precisi\u00f3n, seguimiento de obras en tiempo real, monitoreo de grandes extensiones de terreno y generaci\u00f3n de modelos digitales en 2D y 3D. <br><br>\n\n&#8220;Con tecnolog\u00eda de vanguardia, brindamos soluciones r\u00e1pidas, seguras y confiables para proyectos de ingenier\u00eda, construcci\u00f3n, agricultura y m\u00e1s.&#8221; <br><br>\n\n&#8211; Completa el formulario o ponte en contacto con nosotros para recibir una asesor\u00eda personalizada y una cotizaci\u00f3n sin compromiso.\t\t\t\t\t\t\t\t<\/div>\n\t\t\t\t<\/div>\n\t\t\t\t<div class=\"elementor-element elementor-element-ad359ee elementor-widget elementor-widget-quadron-contact-form-section\" data-id=\"ad359ee\" data-element_type=\"widget\" data-e-type=\"widget\" data-widget_type=\"quadron-contact-form-section.default\">\n\t\t\t\t<div class=\"elementor-widget-container\">\n\t\t\t\t\t<div class=\"section section-form section--bg-vertical-line\"><div class=\"container\"><div class=\"section-heading section-heading_indentg02\"><div class=\"description\"><i><\/i>Formulario de  contactos<\/div><h4 class=\"title\">Por favor, rellene el formulario<\/h4><\/div>\n<div class=\"wpcf7 no-js\" id=\"wpcf7-f268-o1\" lang=\"en-US\" dir=\"ltr\" data-wpcf7-id=\"268\">\n<div class=\"screen-reader-response\"><p role=\"status\" aria-live=\"polite\" aria-atomic=\"true\"><\/p> <ul><\/ul><\/div>\n<form action=\"\/en\/wp-json\/wp\/v2\/pages\/918#wpcf7-f268-o1\" method=\"post\" class=\"wpcf7-form init\" aria-label=\"Contact form\" novalidate=\"novalidate\" data-status=\"init\" data-trp-original-action=\"\/en\/wp-json\/wp\/v2\/pages\/918#wpcf7-f268-o1\">\n<fieldset class=\"hidden-fields-container\"><input type=\"hidden\" name=\"_wpcf7\" value=\"268\" \/><input type=\"hidden\" name=\"_wpcf7_version\" value=\"6.1.5\" \/><input type=\"hidden\" name=\"_wpcf7_locale\" value=\"en_US\" \/><input type=\"hidden\" name=\"_wpcf7_unit_tag\" value=\"wpcf7-f268-o1\" \/><input type=\"hidden\" name=\"_wpcf7_container_post\" value=\"0\" \/><input type=\"hidden\" name=\"_wpcf7_posted_data_hash\" value=\"\" \/>\n<\/fieldset>\n<div class=\"contact-form form-default form-hatali\">\n<div class=\"row\">\n<div class=\"col-md-5 col-lg-4\">\n<div class=\"notes d-md-none d-lg-none d-xl-none\">* \u2013 Campos requeridos<\/div>\n<div class=\"form-group fieldSize\">\n<label for=\"name\" class=\"placeholder-label\">Nombre*<\/label>\n<span class=\"wpcf7-form-control-wrap\" data-name=\"your-name\"><input size=\"40\" maxlength=\"400\" class=\"wpcf7-form-control wpcf7-text wpcf7-validates-as-required form-control\" id=\"name\" aria-required=\"true\" aria-invalid=\"false\" value=\"\" type=\"text\" name=\"your-name\" \/><\/span>\n<\/div>\n<div class=\"form-group fieldSize\">\n<label for=\"phone\" class=\"placeholder-label\">Tel\u00e9fono*<\/label>\n<span class=\"wpcf7-form-control-wrap\" data-name=\"your-phone\"><input size=\"40\" maxlength=\"13\" minlength=\"10\" class=\"wpcf7-form-control wpcf7-tel wpcf7-validates-as-required wpcf7-text wpcf7-validates-as-tel form-control\" id=\"phone\" autocomplete=\"tel\" aria-required=\"true\" aria-invalid=\"false\" value=\"\" type=\"tel\" name=\"your-phone\" \/><\/span>\n<\/div>\n<div class=\"form-group fieldSize\">\n<label for=\"email\" class=\"placeholder-label\">E-mail*<\/label>\n<span class=\"wpcf7-form-control-wrap\" data-name=\"your-email\"><input size=\"40\" maxlength=\"400\" class=\"wpcf7-form-control wpcf7-email wpcf7-validates-as-required wpcf7-text wpcf7-validates-as-email form-control\" id=\"email\" aria-required=\"true\" aria-invalid=\"false\" value=\"\" type=\"email\" name=\"your-email\" \/><\/span>\n<\/div>\n<div class=\"form-group\">\n<div class=\"wrapper-select-for-title\">\n<label for=\"industry\" class=\"placeholder-label\">Industria *<\/label>\n<span class=\"wpcf7-form-control-wrap\" data-name=\"industry\"><select class=\"wpcf7-form-control wpcf7-select wpcf7-validates-as-required js-init-select select-custom-02\" id=\"industry\" aria-required=\"true\" aria-invalid=\"false\" name=\"industry\"><option value=\"Por favor seleccione\">Please select<\/option><option value=\"Agricultura\">Agriculture<\/option><option value=\"Arquitectura\">Architecture<\/option><option value=\"Construcci\u00f3n\">Construction<\/option><option value=\"Dise\u00f1o\">Design<\/option><option value=\"Ingenier\u00eda\">Engineering<\/option><option value=\"Metal\u00fargica\">Metal\u00fargica<\/option><option value=\"Otro\">Another<\/option><\/select><\/span>\n<\/div>\n<\/div>\n<div class=\"notes d-none d-md-block d-lg-block d-xl-block\">* \u2013 Campos requeridos<\/div>\n<\/div>\n<div class=\"divider divider__md notes d-md-none d-lg-none d-xl-none\"><\/div>\n<div class=\"col-md-7 col-lg-8\">\n<div class=\"form-group\">\n<label for=\"message\" class=\"placeholder-label\">Mensaje<\/label>\n<span class=\"wpcf7-form-control-wrap\" data-name=\"your-message\"><textarea cols=\"10\" rows=\"3\" maxlength=\"2000\" class=\"wpcf7-form-control wpcf7-textarea form-control\" id=\"message\" aria-invalid=\"false\" name=\"your-message\"><\/textarea><\/span>\n<\/div>\n<input class=\"wpcf7-form-control wpcf7-submit has-spinner btn\" type=\"submit\" value=\"ENVIAR MENSAJE\" \/>\n<\/div>\n<\/div>\n<\/div>\n<style>\n@media only screen and (min-width: 770px) {\n.fieldSize{width: 100%}\n}\n@media only screen and (min-width: 501px) and (max-width: 768px) {\n.fieldSize{width: 100%}\n}\n@media only screen and (max-width: 500px) {\n.fieldSize{width: 100%}\n}\n<\/style><div class=\"wpcf7-response-output\" aria-hidden=\"true\"><\/div>\n<input type=\"hidden\" name=\"trp-form-language\" value=\"en\"\/><\/form>\n<\/div>\n<\/div><\/div>\t\t\t\t<\/div>\n\t\t\t\t<\/div>\n\t\t\t\t\t<\/div>\n\t\t\t\t<\/div>\n\t\t\t\t<\/div>\n\t\t<div class=\"elementor-element elementor-element-60a7cef e-con-full e-flex e-con e-parent\" data-id=\"60a7cef\" data-element_type=\"container\" data-e-type=\"container\" data-settings=\"{&quot;background_background&quot;:&quot;classic&quot;}\">\n\t\t<div class=\"elementor-element elementor-element-e44d11f e-flex e-con-boxed e-con e-child\" data-id=\"e44d11f\" data-element_type=\"container\" data-e-type=\"container\">\n\t\t\t\t\t<div class=\"e-con-inner\">\n\t\t\t\t<div class=\"elementor-element elementor-element-9877b39 explora-servicios elementor-widget elementor-widget-heading\" data-id=\"9877b39\" data-element_type=\"widget\" data-e-type=\"widget\" data-widget_type=\"heading.default\">\n\t\t\t\t<div class=\"elementor-widget-container\">\n\t\t\t\t\t<h2 class=\"elementor-heading-title elementor-size-default\">\u00bfD\u00f3nde encontrarnos?<\/h2>\t\t\t\t<\/div>\n\t\t\t\t<\/div>\n\t\t<div class=\"elementor-element elementor-element-981a5cf e-con-full e-flex e-con e-child\" data-id=\"981a5cf\" data-element_type=\"container\" data-e-type=\"container\">\n\t\t<div class=\"elementor-element elementor-element-b03800f e-con-full e-flex e-con e-child\" data-id=\"b03800f\" data-element_type=\"container\" data-e-type=\"container\">\n\t\t\t\t<div class=\"elementor-element elementor-element-4bc5673 elementor-widget__width-inherit elementor-widget elementor-widget-google_maps\" data-id=\"4bc5673\" data-element_type=\"widget\" data-e-type=\"widget\" data-widget_type=\"google_maps.default\">\n\t\t\t\t<div class=\"elementor-widget-container\">\n\t\t\t\t\t\t\t<div class=\"elementor-custom-embed\">\n\t\t\t<iframe loading=\"lazy\"\n\t\t\t\t\tsrc=\"https:\/\/maps.google.com\/maps?q=Segunda%20Poniente%20Sur%20%23549%2C%20Entre%20Cuarta%20y%20Quinta%20Sur%20Poniente%2C%20Ter%C3%A1n%2C%2029050%2C%20Tuxtla%20Gutierrez%2C%20Chiapas&#038;t=m&#038;z=10&#038;output=embed&#038;iwloc=near\"\n\t\t\t\t\ttitle=\"Segunda Poniente Sur #549, Entre Cuarta y Quinta Sur Poniente, Ter\u00e1n, 29050, Tuxtla Gutierrez, Chiapas\"\n\t\t\t\t\taria-label=\"Segunda Poniente Sur #549, Entre Cuarta y Quinta Sur Poniente, Ter\u00e1n, 29050, Tuxtla Gutierrez, Chiapas\"\n\t\t\t><\/iframe>\n\t\t<\/div>\n\t\t\t\t\t\t<\/div>\n\t\t\t\t<\/div>\n\t\t\t\t<\/div>\n\t\t<div class=\"elementor-element elementor-element-188c89c e-con-full e-flex e-con e-child\" data-id=\"188c89c\" data-element_type=\"container\" data-e-type=\"container\" data-settings=\"{&quot;background_background&quot;:&quot;classic&quot;}\">\n\t\t\t\t<div class=\"elementor-element elementor-element-6fe3907 elementor-widget__width-initial elementor-widget elementor-widget-text-editor\" data-id=\"6fe3907\" data-element_type=\"widget\" data-e-type=\"widget\" data-widget_type=\"text-editor.default\">\n\t\t\t\t<div class=\"elementor-widget-container\">\n\t\t\t\t\t\t\t\t\t<section class=\"coverage\">En <strong>DAUCH<\/strong> operamos con drones en diferentes regiones del pa\u00eds, ofreciendo soluciones de levantamientos a\u00e9reos y monitoreo de obra.\n<ul class=\"coverage-list\"><br>\n \t<li>\ud83d\udccd Chiapas<\/li>\n \t<li>\ud83d\udccd Yucat\u00e1n<\/li>\n\n<br><\/ul>\nCont\u00e1ctanos para llevar la tecnolog\u00eda de los drones a tu proyecto.\n\n<\/section>&nbsp;\n\n&nbsp;\n\n<ul class=\"social-icon\">\n  <li>\n    <a href=\"https:\/\/www.facebook.com\/profile.php?id=100092379461721\" target=\"_blank\" class=\"btn-icon facebook\" rel=\"nofollow noopener\">\n      <i class=\"fa fa-facebook\"><\/i>\n    <\/a>\n  <\/li>\n  <li>\n    <a href=\"https:\/\/www.instagram.com\/dauch.mx\/\" target=\"_blank\" class=\"btn-icon instagram\" rel=\"nofollow noopener\">\n      <i class=\"fa fa-instagram\"><\/i>\n    <\/a>\n  <\/li>\n  <li>\n    <a href=\"http:\/\/wa.me\/529612739270\" target=\"_blank\" class=\"btn-icon whatsapp\" rel=\"nofollow noopener\">\n      <i class=\"fa fa-whatsapp\"><\/i>\n    <\/a>\n  <\/li>\n  <li>\n    <a href=\"mailto:admin@dauch.com.mx\" class=\"btn-icon mail\">\n      <i class=\"fa fa-envelope\"><\/i>\n    <\/a>\n  <\/li>\n<\/ul>\n\n<style>\n.social-icon {\n  list-style: none;\n  display: flex;\n  gap: 10px;\n  padding: 0;\n}\n\n.social-icon li {\n  display: inline-block;\n}\n\n.btn-icon {\n  display: flex;\n  align-items: center;\n  justify-content: center;\n  width: 45px;\n  height: 45px;\n  border-radius: 50%;\n  font-size: 20px;\n  color: white;\n  text-decoration: none;\n  transition: 0.3s;\n}\n\n\/* Colores oficiales *\/\n.btn-icon.facebook { background: #1877F2; }\n.btn-icon.instagram { background: #E4405F; }\n.btn-icon.whatsapp { background: #25D366; }\n.btn-icon.mail { background: #444; }\n\n\/* Hover *\/\n.btn-icon:hover {\n  opacity: 0.8;\n  transform: scale(1.1);\n}\n<\/style>\n\t\t\t\t\t\t\t\t<\/div>\n\t\t\t\t<\/div>\n\t\t\t\t<\/div>\n\t\t\t\t<\/div>\n\t\t\t\t\t<\/div>\n\t\t\t\t<\/div>\n\t\t\t\t<\/div>\n\t\t\t\t<\/div>","protected":false},"excerpt":{"rendered":"<p>Dauch cont\u00e1ctanos En DAUCH llevamos la innovaci\u00f3n a nuevos horizontes con drones, nuestros equipos a\u00e9reos permiten realizar levantamientos topogr\u00e1ficos de alta precisi\u00f3n, seguimiento de obras en tiempo real, monitoreo de grandes extensiones de terreno y generaci\u00f3n de modelos digitales en 2D y 3D. &#8220;Con tecnolog\u00eda de vanguardia, brindamos soluciones r\u00e1pidas, seguras y confiables para proyectos&#8230;<\/p>","protected":false},"author":2,"featured_media":972,"parent":0,"menu_order":0,"comment_status":"closed","ping_status":"closed","template":"quadron-elementor-page.php","meta":{"_acf_changed":false,"footnotes":""},"class_list":["post-918","page","type-page","status-publish","has-post-thumbnail","hentry","nt-post-class","masonry-item","col-lg-6","nt-default-format-box","post-box-type-masonry",""],"acf":[],"_links":{"self":[{"href":"https:\/\/dauch.com.mx\/en\/wp-json\/wp\/v2\/pages\/918","targetHints":{"allow":["GET"]}}],"collection":[{"href":"https:\/\/dauch.com.mx\/en\/wp-json\/wp\/v2\/pages"}],"about":[{"href":"https:\/\/dauch.com.mx\/en\/wp-json\/wp\/v2\/types\/page"}],"author":[{"embeddable":true,"href":"https:\/\/dauch.com.mx\/en\/wp-json\/wp\/v2\/users\/2"}],"replies":[{"embeddable":true,"href":"https:\/\/dauch.com.mx\/en\/wp-json\/wp\/v2\/comments?post=918"}],"version-history":[{"count":15,"href":"https:\/\/dauch.com.mx\/en\/wp-json\/wp\/v2\/pages\/918\/revisions"}],"predecessor-version":[{"id":26962,"href":"https:\/\/dauch.com.mx\/en\/wp-json\/wp\/v2\/pages\/918\/revisions\/26962"}],"wp:featuredmedia":[{"embeddable":true,"href":"https:\/\/dauch.com.mx\/en\/wp-json\/wp\/v2\/media\/972"}],"wp:attachment":[{"href":"https:\/\/dauch.com.mx\/en\/wp-json\/wp\/v2\/media?parent=918"}],"curies":[{"name":"wp","href":"https:\/\/api.w.org\/{rel}","templated":true}]}}