{"id":716,"date":"2019-11-29T00:08:32","date_gmt":"2019-11-29T00:08:32","guid":{"rendered":"https:\/\/ninetheme.com\/themes\/quadron\/?page_id=716"},"modified":"2025-08-24T15:53:30","modified_gmt":"2025-08-24T21:53:30","slug":"preguntas-frecuentes","status":"publish","type":"page","link":"https:\/\/dauch.com.mx\/en\/preguntas-frecuentes\/","title":{"rendered":"Preguntas frecuentes"},"content":{"rendered":"\t\t<div data-elementor-type=\"wp-page\" data-elementor-id=\"716\" class=\"elementor elementor-716\" data-elementor-post-type=\"page\">\n\t\t\t\t<header class=\"elementor-element elementor-element-b9cf1c6 e-con-full e-flex e-con e-parent\" data-id=\"b9cf1c6\" data-element_type=\"container\" data-e-type=\"container\">\n\t\t<div class=\"elementor-element elementor-element-e3968de e-con-full e-flex e-con e-child\" data-id=\"e3968de\" data-element_type=\"container\" data-e-type=\"container\">\n\t\t\t\t<div class=\"elementor-element elementor-element-a4cf29f elementor-widget elementor-widget-quadron-page-hero-section\" data-id=\"a4cf29f\" data-element_type=\"widget\" data-e-type=\"widget\" data-widget_type=\"quadron-page-hero-section.default\">\n\t\t\t\t<div class=\"elementor-widget-container\">\n\t\t\t\t\t<div class=\"section--no-padding section\"><div class=\"subpage-header\"><div class=\"subpage-header__bg\"><div class=\"container\"><div class=\"subpage-header__block\"><div class=\"subpage-header__caption\">Dauch<\/div><h1 class=\"subpage-header__title\">Preguntas frecuentes<\/h1><div class=\"subpage-header__line\"><\/div><\/div><\/div><\/div><\/div><\/div>\t\t\t\t<\/div>\n\t\t\t\t<\/div>\n\t\t\t\t<\/div>\n\t\t\t\t<\/header>\n\t\t<div class=\"elementor-element elementor-element-8fc345d e-flex e-con-boxed e-con e-parent\" data-id=\"8fc345d\" data-element_type=\"container\" data-e-type=\"container\">\n\t\t\t\t\t<div class=\"e-con-inner\">\n\t\t\t\t<div class=\"elementor-element elementor-element-f9bc16e elementor-widget elementor-widget-heading\" data-id=\"f9bc16e\" data-element_type=\"widget\" data-e-type=\"widget\" data-widget_type=\"heading.default\">\n\t\t\t\t<div class=\"elementor-widget-container\">\n\t\t\t\t\t<h2 class=\"elementor-heading-title elementor-size-default\">Explora y aclara las dudas que tengas al respecto<\/h2>\t\t\t\t<\/div>\n\t\t\t\t<\/div>\n\t\t\t\t<div class=\"elementor-element elementor-element-b585463 elementor-widget elementor-widget-text-editor\" data-id=\"b585463\" data-element_type=\"widget\" data-e-type=\"widget\" data-widget_type=\"text-editor.default\">\n\t\t\t\t<div class=\"elementor-widget-container\">\n\t\t\t\t\t\t\t\t\t<p>Bienvenido a nuestra secci\u00f3n de Preguntas y Respuestas, dise\u00f1ada para resolver de forma r\u00e1pida y clara las dudas m\u00e1s comunes sobre nuestros servicios. Explora cada categor\u00eda, encuentra la informaci\u00f3n que necesitas y optimiza tu experiencia sin perder tiempo. Si tu consulta no aparece aqu\u00ed, no dudes en contactarnos: estamos para ayudarte.<\/p>\t\t\t\t\t\t\t\t<\/div>\n\t\t\t\t<\/div>\n\t\t<div class=\"elementor-element elementor-element-8990547 e-con-full e-flex e-con e-child\" data-id=\"8990547\" data-element_type=\"container\" data-e-type=\"container\">\n\t\t\t\t<div class=\"elementor-element elementor-element-19eb06a faq-title elementor-widget elementor-widget-n-accordion\" data-id=\"19eb06a\" data-element_type=\"widget\" data-e-type=\"widget\" data-settings=\"{&quot;default_state&quot;:&quot;expanded&quot;,&quot;max_items_expended&quot;:&quot;one&quot;,&quot;n_accordion_animation_duration&quot;:{&quot;unit&quot;:&quot;ms&quot;,&quot;size&quot;:400,&quot;sizes&quot;:[]}}\" data-widget_type=\"nested-accordion.default\">\n\t\t\t\t<div class=\"elementor-widget-container\">\n\t\t\t\t\t\t\t<div class=\"e-n-accordion\" aria-label=\"Accordion. Open links with Enter or Space, close with Escape, and navigate with Arrow Keys\">\n\t\t\t\t\t\t<details id=\"e-n-accordion-item-2710\" class=\"e-n-accordion-item\" open>\n\t\t\t\t<summary class=\"e-n-accordion-item-title\" data-accordion-index=\"1\" tabindex=\"0\" aria-expanded=\"true\" aria-controls=\"e-n-accordion-item-2710\" >\n\t\t\t\t\t<span class='e-n-accordion-item-title-header'><h3 class=\"e-n-accordion-item-title-text\"> 1.- \u00bfComo cotizar un producto? <\/h3><\/span>\n\t\t\t\t\t\t\t<span class='e-n-accordion-item-title-icon'>\n\t\t\t<span class='e-opened' ><i aria-hidden=\"true\" class=\"fas fa-minus\"><\/i><\/span>\n\t\t\t<span class='e-closed'><i aria-hidden=\"true\" class=\"fas fa-plus\"><\/i><\/span>\n\t\t<\/span>\n\n\t\t\t\t\t\t<\/summary>\n\t\t\t\t<div role=\"region\" aria-labelledby=\"e-n-accordion-item-2710\" class=\"elementor-element elementor-element-d29fd88 e-con-full e-flex e-con e-child\" data-id=\"d29fd88\" data-element_type=\"container\" data-e-type=\"container\">\n\t\t\t\t<div class=\"elementor-element elementor-element-b65746f elementor-widget elementor-widget-text-editor\" data-id=\"b65746f\" data-element_type=\"widget\" data-e-type=\"widget\" data-widget_type=\"text-editor.default\">\n\t\t\t\t<div class=\"elementor-widget-container\">\n\t\t\t\t\t\t\t\t\t<p>Puedes comunicarte con nosotros a trav\u00e9s de una llamada telef\u00f3nica o por medio de nuestras redes sociales (Instagram, WhatsApp, Facebook, correo electr\u00f3nico).<\/p><p>Y uno de nuestros asesores se pondr\u00e1 en contacto contigo<\/p>\t\t\t\t\t\t\t\t<\/div>\n\t\t\t\t<\/div>\n\t\t\t\t<\/div>\n\t\t\t\t\t<\/details>\n\t\t\t\t\t\t<details id=\"e-n-accordion-item-2711\" class=\"e-n-accordion-item\" >\n\t\t\t\t<summary class=\"e-n-accordion-item-title\" data-accordion-index=\"2\" tabindex=\"-1\" aria-expanded=\"false\" aria-controls=\"e-n-accordion-item-2711\" >\n\t\t\t\t\t<span class='e-n-accordion-item-title-header'><h3 class=\"e-n-accordion-item-title-text\"> 2.-\u00bfQu\u00e9 m\u00e9todos de pago aceptan? <\/h3><\/span>\n\t\t\t\t\t\t\t<span class='e-n-accordion-item-title-icon'>\n\t\t\t<span class='e-opened' ><i aria-hidden=\"true\" class=\"fas fa-minus\"><\/i><\/span>\n\t\t\t<span class='e-closed'><i aria-hidden=\"true\" class=\"fas fa-plus\"><\/i><\/span>\n\t\t<\/span>\n\n\t\t\t\t\t\t<\/summary>\n\t\t\t\t<div role=\"region\" aria-labelledby=\"e-n-accordion-item-2711\" class=\"elementor-element elementor-element-4337f64 e-con-full e-flex e-con e-child\" data-id=\"4337f64\" data-element_type=\"container\" data-e-type=\"container\">\n\t\t\t\t<div class=\"elementor-element elementor-element-ab2416b elementor-widget elementor-widget-text-editor\" data-id=\"ab2416b\" data-element_type=\"widget\" data-e-type=\"widget\" data-widget_type=\"text-editor.default\">\n\t\t\t\t<div class=\"elementor-widget-container\">\n\t\t\t\t\t\t\t\t\t<p>Aceptamos pagos en efectivo, tarjeta de cr\u00e9dito o d\u00e9bito, transferencia electr\u00f3nica y PayPal.<\/p>\t\t\t\t\t\t\t\t<\/div>\n\t\t\t\t<\/div>\n\t\t\t\t<\/div>\n\t\t\t\t\t<\/details>\n\t\t\t\t\t\t<details id=\"e-n-accordion-item-2712\" class=\"e-n-accordion-item\" >\n\t\t\t\t<summary class=\"e-n-accordion-item-title\" data-accordion-index=\"3\" tabindex=\"-1\" aria-expanded=\"false\" aria-controls=\"e-n-accordion-item-2712\" >\n\t\t\t\t\t<span class='e-n-accordion-item-title-header'><h3 class=\"e-n-accordion-item-title-text\"> 3.-\u00bfEn cuanto tiempo tendr\u00e9 listo mi producto o servicio? <\/h3><\/span>\n\t\t\t\t\t\t\t<span class='e-n-accordion-item-title-icon'>\n\t\t\t<span class='e-opened' ><i aria-hidden=\"true\" class=\"fas fa-minus\"><\/i><\/span>\n\t\t\t<span class='e-closed'><i aria-hidden=\"true\" class=\"fas fa-plus\"><\/i><\/span>\n\t\t<\/span>\n\n\t\t\t\t\t\t<\/summary>\n\t\t\t\t<div role=\"region\" aria-labelledby=\"e-n-accordion-item-2712\" class=\"elementor-element elementor-element-8d78a4c e-con-full e-flex e-con e-child\" data-id=\"8d78a4c\" data-element_type=\"container\" data-e-type=\"container\">\n\t\t\t\t<div class=\"elementor-element elementor-element-e4edc78 elementor-widget elementor-widget-text-editor\" data-id=\"e4edc78\" data-element_type=\"widget\" data-e-type=\"widget\" data-widget_type=\"text-editor.default\">\n\t\t\t\t<div class=\"elementor-widget-container\">\n\t\t\t\t\t\t\t\t\t<p>El tiempo puede variar dependiendo la complejidad del producto o servicio.<\/p><p>Aproximadamente para servicios (levantamientos con dron y dise\u00f1o mec\u00e1nico) 5 d\u00edas h\u00e1biles.<\/p><p>Y para la realizaci\u00f3n de un producto (mecanizado CNC e impresi\u00f3n 3D) 3-4 d\u00edas h\u00e1biles<\/p>\t\t\t\t\t\t\t\t<\/div>\n\t\t\t\t<\/div>\n\t\t\t\t<\/div>\n\t\t\t\t\t<\/details>\n\t\t\t\t\t\t<details id=\"e-n-accordion-item-2713\" class=\"e-n-accordion-item\" >\n\t\t\t\t<summary class=\"e-n-accordion-item-title\" data-accordion-index=\"4\" tabindex=\"-1\" aria-expanded=\"false\" aria-controls=\"e-n-accordion-item-2713\" >\n\t\t\t\t\t<span class='e-n-accordion-item-title-header'><h3 class=\"e-n-accordion-item-title-text\"> 4.-\u00bfOfrecen env\u00edos fuera de Chiapas? <\/h3><\/span>\n\t\t\t\t\t\t\t<span class='e-n-accordion-item-title-icon'>\n\t\t\t<span class='e-opened' ><i aria-hidden=\"true\" class=\"fas fa-minus\"><\/i><\/span>\n\t\t\t<span class='e-closed'><i aria-hidden=\"true\" class=\"fas fa-plus\"><\/i><\/span>\n\t\t<\/span>\n\n\t\t\t\t\t\t<\/summary>\n\t\t\t\t<div role=\"region\" aria-labelledby=\"e-n-accordion-item-2713\" class=\"elementor-element elementor-element-3919d6a e-con-full e-flex e-con e-child\" data-id=\"3919d6a\" data-element_type=\"container\" data-e-type=\"container\">\n\t\t\t\t<div class=\"elementor-element elementor-element-ae29d6e elementor-widget elementor-widget-text-editor\" data-id=\"ae29d6e\" data-element_type=\"widget\" data-e-type=\"widget\" data-widget_type=\"text-editor.default\">\n\t\t\t\t<div class=\"elementor-widget-container\">\n\t\t\t\t\t\t\t\t\t<p>S\u00ed, contamos con env\u00edos nacionales.<\/p>\t\t\t\t\t\t\t\t<\/div>\n\t\t\t\t<\/div>\n\t\t\t\t<\/div>\n\t\t\t\t\t<\/details>\n\t\t\t\t\t\t<details id=\"e-n-accordion-item-2714\" class=\"e-n-accordion-item\" >\n\t\t\t\t<summary class=\"e-n-accordion-item-title\" data-accordion-index=\"5\" tabindex=\"-1\" aria-expanded=\"false\" aria-controls=\"e-n-accordion-item-2714\" >\n\t\t\t\t\t<span class='e-n-accordion-item-title-header'><h3 class=\"e-n-accordion-item-title-text\"> 5.-\u00bfLos productos tienen garant\u00eda? <\/h3><\/span>\n\t\t\t\t\t\t\t<span class='e-n-accordion-item-title-icon'>\n\t\t\t<span class='e-opened' ><i aria-hidden=\"true\" class=\"fas fa-minus\"><\/i><\/span>\n\t\t\t<span class='e-closed'><i aria-hidden=\"true\" class=\"fas fa-plus\"><\/i><\/span>\n\t\t<\/span>\n\n\t\t\t\t\t\t<\/summary>\n\t\t\t\t<div role=\"region\" aria-labelledby=\"e-n-accordion-item-2714\" class=\"elementor-element elementor-element-b734e44 e-con-full e-flex e-con e-child\" data-id=\"b734e44\" data-element_type=\"container\" data-e-type=\"container\">\n\t\t\t\t<div class=\"elementor-element elementor-element-8235a53 elementor-widget elementor-widget-text-editor\" data-id=\"8235a53\" data-element_type=\"widget\" data-e-type=\"widget\" data-widget_type=\"text-editor.default\">\n\t\t\t\t<div class=\"elementor-widget-container\">\n\t\t\t\t\t\t\t\t\t<p>S\u00ed, siempre y cuando la falla o error se encuentre justificada bajo nuestras normas de producci\u00f3n.<\/p>\t\t\t\t\t\t\t\t<\/div>\n\t\t\t\t<\/div>\n\t\t\t\t<\/div>\n\t\t\t\t\t<\/details>\n\t\t\t\t\t<\/div>\n\t\t\t\t\t<script type=\"application\/ld+json\">{\"@context\":\"https:\\\/\\\/schema.org\",\"@type\":\"FAQPage\",\"mainEntity\":[{\"@type\":\"Question\",\"name\":\"1.- \\u00bfComo cotizar un producto?\",\"acceptedAnswer\":{\"@type\":\"Answer\",\"text\":\"Puedes comunicarte con nosotros a trav\\u00e9s de una llamada telef\\u00f3nica o por medio de nuestras redes sociales (Instagram, WhatsApp, Facebook, correo electr\\u00f3nico).Y uno de nuestros asesores se pondr\\u00e1 en contacto contigo\"}},{\"@type\":\"Question\",\"name\":\"2.-\\u00bfQu\\u00e9 m\\u00e9todos de pago aceptan?\",\"acceptedAnswer\":{\"@type\":\"Answer\",\"text\":\"Aceptamos pagos en efectivo, tarjeta de cr\\u00e9dito o d\\u00e9bito, transferencia electr\\u00f3nica y PayPal.\"}},{\"@type\":\"Question\",\"name\":\"3.-\\u00bfEn cuanto tiempo tendr\\u00e9 listo mi producto o servicio?\",\"acceptedAnswer\":{\"@type\":\"Answer\",\"text\":\"El tiempo puede variar dependiendo la complejidad del producto o servicio.Aproximadamente para servicios (levantamientos con dron y dise\\u00f1o mec\\u00e1nico) 5 d\\u00edas h\\u00e1biles.Y para la realizaci\\u00f3n de un producto (mecanizado CNC e impresi\\u00f3n 3D) 3-4 d\\u00edas h\\u00e1biles\"}},{\"@type\":\"Question\",\"name\":\"4.-\\u00bfOfrecen env\\u00edos fuera de Chiapas?\",\"acceptedAnswer\":{\"@type\":\"Answer\",\"text\":\"S\\u00ed, contamos con env\\u00edos nacionales.\"}},{\"@type\":\"Question\",\"name\":\"5.-\\u00bfLos productos tienen garant\\u00eda?\",\"acceptedAnswer\":{\"@type\":\"Answer\",\"text\":\"S\\u00ed, siempre y cuando la falla o error se encuentre justificada bajo nuestras normas de producci\\u00f3n.\"}}]}<\/script>\n\t\t\t\t\t\t\t<\/div>\n\t\t\t\t<\/div>\n\t\t\t\t<\/div>\n\t\t\t\t\t<\/div>\n\t\t\t\t<\/div>\n\t\t<div class=\"elementor-element elementor-element-d7e3638 e-flex e-con-boxed e-con e-parent\" data-id=\"d7e3638\" data-element_type=\"container\" data-e-type=\"container\">\n\t\t\t\t\t<div class=\"e-con-inner\">\n\t\t<div class=\"elementor-element elementor-element-dfa1be3 e-con-full e-flex e-con e-child\" data-id=\"dfa1be3\" data-element_type=\"container\" data-e-type=\"container\">\n\t\t\t\t<div class=\"elementor-element elementor-element-3ea6326 elementor-widget elementor-widget-heading\" data-id=\"3ea6326\" data-element_type=\"widget\" data-e-type=\"widget\" data-widget_type=\"heading.default\">\n\t\t\t\t<div class=\"elementor-widget-container\">\n\t\t\t\t\t<h3 class=\"elementor-heading-title elementor-size-default\">Si tienes dudas, \u00a1cont\u00e1ctanos!<\/h3>\t\t\t\t<\/div>\n\t\t\t\t<\/div>\n\t\t\t\t<\/div>\n\t\t<div class=\"elementor-element elementor-element-805228c e-con-full e-flex e-con e-child\" data-id=\"805228c\" data-element_type=\"container\" data-e-type=\"container\">\n\t\t\t\t<div class=\"elementor-element elementor-element-8b78426 elementor-widget elementor-widget-quadron-button\" data-id=\"8b78426\" data-element_type=\"widget\" data-e-type=\"widget\" data-widget_type=\"quadron-button.default\">\n\t\t\t\t<div class=\"elementor-widget-container\">\n\t\t\t\t\t<div class=\"quadron-button has-icon\"><a class=\"btn btn-color-02 btn-circle btn-icon-right\" href=\"https:\/\/dauch.com.mx\/contacto\/\">CONT\u00c1CTANOS <i aria-hidden=\"true\" class=\"fas fa-angle-right\"><\/i><\/a><\/div>\t\t\t\t<\/div>\n\t\t\t\t<\/div>\n\t\t\t\t<\/div>\n\t\t\t\t\t<\/div>\n\t\t\t\t<\/div>\n\t\t\t\t<\/div>\n\t\t","protected":false},"excerpt":{"rendered":"<p>Dauch Preguntas frecuentes Explora y aclara las dudas que tengas al respecto Bienvenido a nuestra secci\u00f3n de Preguntas y Respuestas, dise\u00f1ada para resolver de forma r\u00e1pida y clara las dudas m\u00e1s comunes sobre nuestros servicios. Explora cada categor\u00eda, encuentra la informaci\u00f3n que necesitas y optimiza tu experiencia sin perder tiempo. Si tu consulta no aparece&#8230;<\/p>","protected":false},"author":2,"featured_media":291,"parent":0,"menu_order":0,"comment_status":"closed","ping_status":"closed","template":"quadron-elementor-page.php","meta":{"_acf_changed":false,"footnotes":""},"class_list":["post-716","page","type-page","status-publish","has-post-thumbnail","hentry","nt-post-class","masonry-item","col-lg-6","nt-default-format-box","post-box-type-masonry",""],"acf":[],"_links":{"self":[{"href":"https:\/\/dauch.com.mx\/en\/wp-json\/wp\/v2\/pages\/716","targetHints":{"allow":["GET"]}}],"collection":[{"href":"https:\/\/dauch.com.mx\/en\/wp-json\/wp\/v2\/pages"}],"about":[{"href":"https:\/\/dauch.com.mx\/en\/wp-json\/wp\/v2\/types\/page"}],"author":[{"embeddable":true,"href":"https:\/\/dauch.com.mx\/en\/wp-json\/wp\/v2\/users\/2"}],"replies":[{"embeddable":true,"href":"https:\/\/dauch.com.mx\/en\/wp-json\/wp\/v2\/comments?post=716"}],"version-history":[{"count":5,"href":"https:\/\/dauch.com.mx\/en\/wp-json\/wp\/v2\/pages\/716\/revisions"}],"predecessor-version":[{"id":26574,"href":"https:\/\/dauch.com.mx\/en\/wp-json\/wp\/v2\/pages\/716\/revisions\/26574"}],"wp:featuredmedia":[{"embeddable":true,"href":"https:\/\/dauch.com.mx\/en\/wp-json\/wp\/v2\/media\/291"}],"wp:attachment":[{"href":"https:\/\/dauch.com.mx\/en\/wp-json\/wp\/v2\/media?parent=716"}],"curies":[{"name":"wp","href":"https:\/\/api.w.org\/{rel}","templated":true}]}}