{"id":570,"date":"2019-11-28T13:26:31","date_gmt":"2019-11-28T13:26:31","guid":{"rendered":"https:\/\/ninetheme.com\/themes\/quadron\/?page_id=570"},"modified":"2025-08-24T16:48:28","modified_gmt":"2025-08-24T22:48:28","slug":"aviso-de-privacidad","status":"publish","type":"page","link":"https:\/\/dauch.com.mx\/en\/aviso-de-privacidad\/","title":{"rendered":"Aviso de privacidad"},"content":{"rendered":"<div data-elementor-type=\"wp-page\" data-elementor-id=\"570\" class=\"elementor elementor-570\" data-elementor-post-type=\"page\">\n\t\t\t\t\t\t<section class=\"elementor-section elementor-top-section elementor-element elementor-element-1771563e elementor-hidden-desktop elementor-hidden-tablet elementor-hidden-mobile elementor-hidden-widescreen elementor-section-boxed elementor-section-height-default elementor-section-height-default section__indent-def section__outdent-def\" data-id=\"1771563e\" data-element_type=\"section\" data-e-type=\"section\">\n\t\t\t\t\t\t<div class=\"elementor-container elementor-column-gap-default\">\n\t\t\t\t\t<div class=\"elementor-column elementor-col-100 elementor-top-column elementor-element elementor-element-1d04aa9e\" data-id=\"1d04aa9e\" data-element_type=\"column\" data-e-type=\"column\">\n\t\t\t<div class=\"elementor-widget-wrap elementor-element-populated\">\n\t\t\t\t\t\t<div class=\"elementor-element elementor-element-3c4ae218 elementor-drop-cap-yes elementor-drop-cap-view-default elementor-widget elementor-widget-text-editor\" data-id=\"3c4ae218\" data-element_type=\"widget\" data-e-type=\"widget\" data-settings=\"{&quot;drop_cap&quot;:&quot;yes&quot;}\" data-widget_type=\"text-editor.default\">\n\t\t\t\t<div class=\"elementor-widget-container\">\n\t\t\t\t\t\t\t\t\t<p><span style=\"font-size: 12pt;\">Aviso de privacidad<\/span><\/p>\t\t\t\t\t\t\t\t<\/div>\n\t\t\t\t<\/div>\n\t\t\t\t\t<\/div>\n\t\t<\/div>\n\t\t\t\t\t<\/div>\n\t\t<\/section>\n\t\t\t\t<header class=\"elementor-section elementor-top-section elementor-element elementor-element-33ce0ac elementor-section-stretched elementor-section-full_width elementor-section-height-default elementor-section-height-default section__indent-def section__outdent-def\" data-id=\"33ce0ac\" data-element_type=\"section\" data-e-type=\"section\" data-settings=\"{&quot;stretch_section&quot;:&quot;section-stretched&quot;}\">\n\t\t\t\t\t\t<div class=\"elementor-container elementor-column-gap-no\">\n\t\t\t\t\t<div class=\"elementor-column elementor-col-100 elementor-top-column elementor-element elementor-element-2ce2e4c\" data-id=\"2ce2e4c\" data-element_type=\"column\" data-e-type=\"column\">\n\t\t\t<div class=\"elementor-widget-wrap elementor-element-populated\">\n\t\t\t\t\t\t<div class=\"elementor-element elementor-element-c393c1b elementor-widget elementor-widget-quadron-page-hero-section\" data-id=\"c393c1b\" data-element_type=\"widget\" data-e-type=\"widget\" data-widget_type=\"quadron-page-hero-section.default\">\n\t\t\t\t<div class=\"elementor-widget-container\">\n\t\t\t\t\t<div class=\"section--no-padding section\"><div class=\"subpage-header\"><div class=\"subpage-header__bg\"><div class=\"container\"><div class=\"subpage-header__block\"><div class=\"subpage-header__caption\">Dauch<\/div><h1 class=\"subpage-header__title\">Aviso de privacidad<\/h1><div class=\"subpage-header__line\"><\/div><\/div><\/div><\/div><\/div><\/div>\t\t\t\t<\/div>\n\t\t\t\t<\/div>\n\t\t\t\t\t<\/div>\n\t\t<\/div>\n\t\t\t\t\t<\/div>\n\t\t<\/header>\n\t\t\t\t<section class=\"elementor-section elementor-top-section elementor-element elementor-element-471a061d elementor-section-content-middle elementor-section-boxed elementor-section-height-default elementor-section-height-default section__indent-def section__outdent-def\" data-id=\"471a061d\" data-element_type=\"section\" data-e-type=\"section\">\n\t\t\t\t\t\t<div class=\"elementor-container elementor-column-gap-no\">\n\t\t\t\t\t<div class=\"elementor-column elementor-col-100 elementor-top-column elementor-element elementor-element-16e2a878\" data-id=\"16e2a878\" data-element_type=\"column\" data-e-type=\"column\">\n\t\t\t<div class=\"elementor-widget-wrap elementor-element-populated\">\n\t\t\t\t\t\t<div class=\"elementor-element elementor-element-c3d0737 elementor-widget elementor-widget-heading\" data-id=\"c3d0737\" data-element_type=\"widget\" data-e-type=\"widget\" data-widget_type=\"heading.default\">\n\t\t\t\t<div class=\"elementor-widget-container\">\n\t\t\t\t\t<h2 class=\"elementor-heading-title elementor-size-default\">Para el uso de la informaci\u00f3n.<\/h2>\t\t\t\t<\/div>\n\t\t\t\t<\/div>\n\t\t\t\t<section class=\"elementor-section elementor-inner-section elementor-element elementor-element-12b8a78c elementor-section-content-top elementor-section-boxed elementor-section-height-default elementor-section-height-default section__indent-def section__outdent-def\" data-id=\"12b8a78c\" data-element_type=\"section\" data-e-type=\"section\">\n\t\t\t\t\t\t<div class=\"elementor-container elementor-column-gap-no\">\n\t\t\t\t\t<div class=\"elementor-column elementor-col-100 elementor-inner-column elementor-element elementor-element-5b0c626\" data-id=\"5b0c626\" data-element_type=\"column\" data-e-type=\"column\">\n\t\t\t<div class=\"elementor-widget-wrap elementor-element-populated\">\n\t\t\t\t\t\t<div class=\"elementor-element elementor-element-4cfe50a elementor-widget elementor-widget-text-editor\" data-id=\"4cfe50a\" data-element_type=\"widget\" data-e-type=\"widget\" data-widget_type=\"text-editor.default\">\n\t\t\t\t<div class=\"elementor-widget-container\">\n\t\t\t\t\t\t\t\t\t<p><span style=\"font-weight: 400;\">De conformidad con lo establecido en la Ley Federal de Protecci\u00f3n de Datos Personales en Posesi\u00f3n de los Particulares, <strong>DAUCH LLC<\/strong> pone a su disposici\u00f3n el siguiente aviso de privacidad.<\/span><\/p>\t\t\t\t\t\t\t\t<\/div>\n\t\t\t\t<\/div>\n\t\t\t\t<div class=\"elementor-element elementor-element-ebf1a19 elementor-widget elementor-widget-text-editor\" data-id=\"ebf1a19\" data-element_type=\"widget\" data-e-type=\"widget\" data-widget_type=\"text-editor.default\">\n\t\t\t\t<div class=\"elementor-widget-container\">\n\t\t\t\t\t\t\t\t\t<p><strong>DAUCH LLC<\/strong>, es responsable del uso y protecci\u00f3n de sus datos personales, en este sentido y atendiendo las obligaciones legales establecidas en la Ley Federal de Protecci\u00f3n de Datos Personales en Posesi\u00f3n de los Particulares.\u00a0<\/p><p>A trav\u00e9s de este instrumento se informa a los titulares de los datos, la informaci\u00f3n que de ellos se recaba y los fines que se le dar\u00e1n a dicha informaci\u00f3n.<\/p>\t\t\t\t\t\t\t\t<\/div>\n\t\t\t\t<\/div>\n\t\t\t\t<div class=\"elementor-element elementor-element-d551a1c elementor-widget elementor-widget-text-editor\" data-id=\"d551a1c\" data-element_type=\"widget\" data-e-type=\"widget\" data-widget_type=\"text-editor.default\">\n\t\t\t\t<div class=\"elementor-widget-container\">\n\t\t\t\t\t\t\t\t\t<p><span style=\"font-weight: 400;\">Adem\u00e1s de lo anterior, informamos a usted que <strong>DAUCH LLC<\/strong>, tiene su domicilio ubicado en:<\/span><\/p><p><strong>Segunda Poniente Sur #549, Entre Cuarta y Quinta Sur Poniente, Ter\u00e1n, 29050, Tuxtla Guti\u00e9rrez, Chiapas.<\/strong><\/p>\t\t\t\t\t\t\t\t<\/div>\n\t\t\t\t<\/div>\n\t\t\t\t\t<\/div>\n\t\t<\/div>\n\t\t\t\t\t<\/div>\n\t\t<\/section>\n\t\t\t\t<section class=\"elementor-section elementor-inner-section elementor-element elementor-element-a40c6ba elementor-section-content-top elementor-section-boxed elementor-section-height-default elementor-section-height-default section__indent-def section__outdent-def\" data-id=\"a40c6ba\" data-element_type=\"section\" data-e-type=\"section\">\n\t\t\t\t\t\t<div class=\"elementor-container elementor-column-gap-no\">\n\t\t\t\t\t<div class=\"elementor-column elementor-col-100 elementor-inner-column elementor-element elementor-element-a8dbe5e\" data-id=\"a8dbe5e\" data-element_type=\"column\" data-e-type=\"column\">\n\t\t\t<div class=\"elementor-widget-wrap elementor-element-populated\">\n\t\t\t\t\t\t<div class=\"elementor-element elementor-element-16359b4 elementor-widget elementor-widget-text-editor\" data-id=\"16359b4\" data-element_type=\"widget\" data-e-type=\"widget\" data-widget_type=\"text-editor.default\">\n\t\t\t\t<div class=\"elementor-widget-container\">\n\t\t\t\t\t\t\t\t\t<p><span style=\"font-weight: 400;\">Los datos personales que recabamos de usted ser\u00e1n utilizados para las siguientes finalidades, las cuales son necesarias para concretar nuestra relaci\u00f3n con usted, as\u00ed como para atender los servicios y\/o pedidos que solicite.\u00a0<\/span><\/p><p>Tal informaci\u00f3n recabada del usuario ser\u00e1 con fines de permitir ofrecer los servicios solicitados o detalles adicionales por el mismo, esto estableciendo de la mejor manera posible la relaci\u00f3n EMPRESA-CLIENTE o EMPRESA-INTERESADO.<\/p>\t\t\t\t\t\t\t\t<\/div>\n\t\t\t\t<\/div>\n\t\t\t\t\t<\/div>\n\t\t<\/div>\n\t\t\t\t\t<\/div>\n\t\t<\/section>\n\t\t\t\t\t<\/div>\n\t\t<\/div>\n\t\t\t\t\t<\/div>\n\t\t<\/section>\n\t\t\t\t<section class=\"elementor-section elementor-top-section elementor-element elementor-element-6037f2d elementor-section-content-middle elementor-section-boxed elementor-section-height-default elementor-section-height-default section__indent-def section__outdent-def\" data-id=\"6037f2d\" data-element_type=\"section\" data-e-type=\"section\">\n\t\t\t\t\t\t<div class=\"elementor-container elementor-column-gap-no\">\n\t\t\t\t\t<div class=\"elementor-column elementor-col-100 elementor-top-column elementor-element elementor-element-e705a8b\" data-id=\"e705a8b\" data-element_type=\"column\" data-e-type=\"column\">\n\t\t\t<div class=\"elementor-widget-wrap elementor-element-populated\">\n\t\t\t\t\t\t<section class=\"elementor-section elementor-inner-section elementor-element elementor-element-78e8637 elementor-section-content-top elementor-section-boxed elementor-section-height-default elementor-section-height-default section__indent-def section__outdent-def\" data-id=\"78e8637\" data-element_type=\"section\" data-e-type=\"section\">\n\t\t\t\t\t\t<div class=\"elementor-container elementor-column-gap-no\">\n\t\t\t\t\t<div class=\"elementor-column elementor-col-100 elementor-inner-column elementor-element elementor-element-8b13c2c\" data-id=\"8b13c2c\" data-element_type=\"column\" data-e-type=\"column\">\n\t\t\t<div class=\"elementor-widget-wrap elementor-element-populated\">\n\t\t\t\t\t\t<div class=\"elementor-element elementor-element-b215f68 elementor-widget elementor-widget-text-editor\" data-id=\"b215f68\" data-element_type=\"widget\" data-e-type=\"widget\" data-widget_type=\"text-editor.default\">\n\t\t\t\t<div class=\"elementor-widget-container\">\n\t\t\t\t\t\t\t\t\t<p><span style=\"font-weight: 400;\">Para llevar a cabo las finalidades descritas en el presente aviso de privacidad, utilizaremos los siguientes datos personales:<\/span><\/p><p><span style=\"font-weight: 400;\">Uso de cookies, informaci\u00f3n relacionada con el nombre, apellido, email y la industria a la que pertenece una vez llenado el formulario opcional correspondiente.\u00a0<\/span><\/p><p><span style=\"font-weight: 400;\">Adem\u00e1s de estos datos personales, se har\u00e1 uso de los siguientes datos que conforme a ley son considerados como datos personales sensibles (Nombre, Apellido, Email), por lo cual requieren de su autorizaci\u00f3n expresa y por escrito para poder hacer uso de ellos.\u00a0<\/span><\/p><p>Por lo tanto, nos comprometemos con usted a no realizar ning\u00fan tipo de uso o tratamiento de sus datos personales sensibles.\u00a0<\/p><p>En tanto no se recabe la autorizaci\u00f3n firmada por escrito o a trav\u00e9s de un sistema de firma electr\u00f3nica, en el que usted nos otorgue expresamente el consentimiento para tratar sus siguientes datos personales sensibles:<\/p><ul><li><span style=\"font-size: 12pt;\">Nombre <\/span><\/li><li><span style=\"font-size: 12pt;\">Apellido <\/span><\/li><li><span style=\"font-size: 12pt;\">Email<\/span><\/li><\/ul>\t\t\t\t\t\t\t\t<\/div>\n\t\t\t\t<\/div>\n\t\t\t\t<div class=\"elementor-element elementor-element-5a42bcc elementor-widget elementor-widget-text-editor\" data-id=\"5a42bcc\" data-element_type=\"widget\" data-e-type=\"widget\" data-widget_type=\"text-editor.default\">\n\t\t\t\t<div class=\"elementor-widget-container\">\n\t\t\t\t\t\t\t\t\t<p><span style=\"font-weight: 400;\">Por otra parte, informamos a usted, que sus datos personales no ser\u00e1n compartidos con ninguna autoridad, empresa, organizaci\u00f3n o persona distintas a nosotros y ser\u00e1n utilizados exclusivamente para los fines se\u00f1alados.<\/span><\/p><p><span style=\"font-weight: 400;\">Usted tiene en todo momento el derecho a conocer qu\u00e9 datos personales tenemos de usted, para qu\u00e9 los empleamos y las condiciones de la utilizaci\u00f3n que les damos (Acceso).\u00a0<\/span><\/p><p>De igual forma, es su derecho solicitar la correcci\u00f3n de su informaci\u00f3n personal en caso de que est\u00e9 desactualizada, sea inexacta o incompleta (Rectificaci\u00f3n).<\/p><p>Por consiguiente, tiene derecho a que su informaci\u00f3n se elimine de nuestros registros o bases de datos cuando considere que la misma no est\u00e1 siendo empleada adecuadamente (Cancelaci\u00f3n); as\u00ed como tambi\u00e9n a oponerse al uso de sus datos personales para fines espec\u00edficos (Oposici\u00f3n).\u00a0<\/p><p><span style=\"font-weight: 400;\">Estos derechos se conocen como derechos, ARCO.\u00a0<\/span><\/p><p><span style=\"font-weight: 400;\">Para el ejercicio de cualquiera de los derechos ARCO, se deber\u00e1 presentar la solicitud respectiva a trav\u00e9s del siguiente correo electr\u00f3nico:<\/span><\/p><p><strong>admin@dauch.com.mx<\/strong><span style=\"font-weight: 400;\"><br \/><\/span><\/p>\t\t\t\t\t\t\t\t<\/div>\n\t\t\t\t<\/div>\n\t\t\t\t\t<\/div>\n\t\t<\/div>\n\t\t\t\t\t<\/div>\n\t\t<\/section>\n\t\t\t\t\t<\/div>\n\t\t<\/div>\n\t\t\t\t\t<\/div>\n\t\t<\/section>\n\t\t\t\t<section class=\"elementor-section elementor-top-section elementor-element elementor-element-610e4ca elementor-section-content-middle elementor-section-boxed elementor-section-height-default elementor-section-height-default section__indent-def section__outdent-def\" data-id=\"610e4ca\" data-element_type=\"section\" data-e-type=\"section\">\n\t\t\t\t\t\t<div class=\"elementor-container elementor-column-gap-no\">\n\t\t\t\t\t<div class=\"elementor-column elementor-col-100 elementor-top-column elementor-element elementor-element-baf40e1\" data-id=\"baf40e1\" data-element_type=\"column\" data-e-type=\"column\">\n\t\t\t<div class=\"elementor-widget-wrap elementor-element-populated\">\n\t\t\t\t\t\t<section class=\"elementor-section elementor-inner-section elementor-element elementor-element-22c585f elementor-section-content-top elementor-section-boxed elementor-section-height-default elementor-section-height-default section__indent-def section__outdent-def\" data-id=\"22c585f\" data-element_type=\"section\" data-e-type=\"section\">\n\t\t\t\t\t\t<div class=\"elementor-container elementor-column-gap-no\">\n\t\t\t\t\t<div class=\"elementor-column elementor-col-100 elementor-inner-column elementor-element elementor-element-69e801e\" data-id=\"69e801e\" data-element_type=\"column\" data-e-type=\"column\">\n\t\t\t<div class=\"elementor-widget-wrap elementor-element-populated\">\n\t\t\t\t\t\t<div class=\"elementor-element elementor-element-b76d592 elementor-widget elementor-widget-text-editor\" data-id=\"b76d592\" data-element_type=\"widget\" data-e-type=\"widget\" data-widget_type=\"text-editor.default\">\n\t\t\t\t<div class=\"elementor-widget-container\">\n\t\t\t\t\t\t\t\t\t<p><span style=\"font-weight: 400;\">Los datos de contacto de la persona o departamento de datos personales, que est\u00e1 a cargo de dar tr\u00e1mite a las solicitudes de derechos ARCO, son los siguientes:<\/span><\/p><p><span style=\"font-weight: 400;\">a) <strong>Nombre del responsable:<\/strong> Silvano Santana G\u00f3mez Reyes<\/span><\/p><p><span style=\"font-weight: 400;\">b) <strong>Domicilio:<\/strong> Segunda Poniente Sur #549, Entre Cuarta y Quinta Sur Poniente, Ter\u00e1n, 29050, Tuxtla Guti\u00e9rrez, Chiapas<\/span><span style=\"font-weight: 400;\">.<\/span><\/p><p><span style=\"font-weight: 400;\">c) <strong>Tel\u00e9fono:<\/strong> <a href=\"http:\/\/wa.me\/529612739270\" rel=\"nofollow noopener\" target=\"_blank\">+52 (961) 273 9270<\/a><\/span><\/p><p><span style=\"font-weight: 400;\">d) <strong>Correo electr\u00f3nico:<\/strong> admin@dauch.com.mx<\/span><\/p><p><span style=\"font-weight: 400;\">e) <strong>Otro medio de <a href=\"http:\/\/dauch.com.mx\/en\/contacto\/\">contacto<\/a>: <\/strong><\/span><span style=\"font-weight: 400;\">dauch.com.mx<\/span><\/p>\t\t\t\t\t\t\t\t<\/div>\n\t\t\t\t<\/div>\n\t\t\t\t\t<\/div>\n\t\t<\/div>\n\t\t\t\t\t<\/div>\n\t\t<\/section>\n\t\t\t\t<section class=\"elementor-section elementor-inner-section elementor-element elementor-element-cf31507 elementor-section-content-top elementor-section-boxed elementor-section-height-default elementor-section-height-default section__indent-def section__outdent-def\" data-id=\"cf31507\" data-element_type=\"section\" data-e-type=\"section\">\n\t\t\t\t\t\t<div class=\"elementor-container elementor-column-gap-no\">\n\t\t\t\t\t<div class=\"elementor-column elementor-col-100 elementor-inner-column elementor-element elementor-element-582440b\" data-id=\"582440b\" data-element_type=\"column\" data-e-type=\"column\">\n\t\t\t<div class=\"elementor-widget-wrap elementor-element-populated\">\n\t\t\t\t\t\t<div class=\"elementor-element elementor-element-d420928 elementor-widget__width-initial elementor-widget elementor-widget-text-editor\" data-id=\"d420928\" data-element_type=\"widget\" data-e-type=\"widget\" data-widget_type=\"text-editor.default\">\n\t\t\t\t<div class=\"elementor-widget-container\">\n\t\t\t\t\t\t\t\t\t<p><span style=\"font-weight: 400;\">Cabe mencionar, que en cualquier momento usted puede revocar su consentimiento para el uso de sus datos personales. <\/span><\/p><p><span style=\"font-weight: 400;\">Del mismo modo, usted puede revocar el consentimiento que, en su caso, nos haya otorgado para el tratamiento de sus datos personales.\u00a0<\/span><\/p><p><span style=\"color: #202020; font-family: Karla, Arial, sans-serif; font-size: 16.8461px; letter-spacing: -0.144px;\">As\u00ed mismo<\/span>, usted deber\u00e1 considerar que para ciertos fines, la revocaci\u00f3n de su consentimiento implicar\u00e1 que no podamos seguir prestando el servicio que nos solicit\u00f3, o la conclusi\u00f3n de su relaci\u00f3n con nosotros.\u00a0<\/p><p>Para revocar el consentimiento que usted otorga en este acto o para limitar su divulgaci\u00f3n, se deber\u00e1 presentar la solicitud respectiva a trav\u00e9s del siguiente correo electr\u00f3nico:<\/p><p><a href=\"mailto:admin@dauch.com.mx\"><strong>admin@dauch.com.mx<\/strong><\/a><\/p>\t\t\t\t\t\t\t\t<\/div>\n\t\t\t\t<\/div>\n\t\t\t\t<div class=\"elementor-element elementor-element-50000ff elementor-widget elementor-widget-text-editor\" data-id=\"50000ff\" data-element_type=\"widget\" data-e-type=\"widget\" data-widget_type=\"text-editor.default\">\n\t\t\t\t<div class=\"elementor-widget-container\">\n\t\t\t\t\t\t\t\t\t<p><span style=\"font-weight: 400;\">Mencionando cambios en nuestro modelo de negocio, o por otras causas, por lo cual, nos comprometemos a mantenerlo informado sobre los cambios que pueda sufrir el presente aviso de privacidad.\u00a0<\/span><\/p><p>Sin embargo, usted puede solicitar informaci\u00f3n sobre si el mismo ha sufrido alg\u00fan cambio, mediante el env\u00edo de una carta o solicitud en formato libre a la siguiente direcci\u00f3n:<\/p><p><span style=\"font-weight: 400;\">Tuxtla Guti\u00e9rrez, Chiapas<\/span><span style=\"font-weight: 400;\">:<\/span><\/p><p><span style=\"font-weight: 400;\">Segunda Poniente Sur #549, Entre Cuarta y Quinta Sur Poniente, Ter\u00e1n, 29050<\/span><\/p>\t\t\t\t\t\t\t\t<\/div>\n\t\t\t\t<\/div>\n\t\t\t\t<div class=\"elementor-element elementor-element-8c13094 elementor-widget elementor-widget-text-editor\" data-id=\"8c13094\" data-element_type=\"widget\" data-e-type=\"widget\" data-widget_type=\"text-editor.default\">\n\t\t\t\t<div class=\"elementor-widget-container\">\n\t\t\t\t\t\t\t\t\t<p><strong>\u00daltima actualizaci\u00f3n:<br \/><\/strong><span style=\"font-weight: 400;\">12\/08\/2025<\/span><\/p>\t\t\t\t\t\t\t\t<\/div>\n\t\t\t\t<\/div>\n\t\t\t\t\t<\/div>\n\t\t<\/div>\n\t\t\t\t\t<\/div>\n\t\t<\/section>\n\t\t\t\t\t<\/div>\n\t\t<\/div>\n\t\t\t\t\t<\/div>\n\t\t<\/section>\n\t\t\t\t<\/div>","protected":false},"excerpt":{"rendered":"<p>Aviso de privacidad Dauch Aviso de privacidad Para el uso de la informaci\u00f3n. De conformidad con lo establecido en la Ley Federal de Protecci\u00f3n de Datos Personales en Posesi\u00f3n de los Particulares, DAUCH LLC pone a su disposici\u00f3n el siguiente aviso de privacidad. DAUCH LLC, es responsable del uso y protecci\u00f3n de sus datos personales,&#8230;<\/p>","protected":false},"author":2,"featured_media":17925,"parent":0,"menu_order":0,"comment_status":"closed","ping_status":"closed","template":"quadron-elementor-page.php","meta":{"_acf_changed":false,"footnotes":""},"class_list":["post-570","page","type-page","status-publish","has-post-thumbnail","hentry","nt-post-class","masonry-item","col-lg-6","nt-default-format-box","post-box-type-masonry",""],"acf":[],"_links":{"self":[{"href":"https:\/\/dauch.com.mx\/en\/wp-json\/wp\/v2\/pages\/570","targetHints":{"allow":["GET"]}}],"collection":[{"href":"https:\/\/dauch.com.mx\/en\/wp-json\/wp\/v2\/pages"}],"about":[{"href":"https:\/\/dauch.com.mx\/en\/wp-json\/wp\/v2\/types\/page"}],"author":[{"embeddable":true,"href":"https:\/\/dauch.com.mx\/en\/wp-json\/wp\/v2\/users\/2"}],"replies":[{"embeddable":true,"href":"https:\/\/dauch.com.mx\/en\/wp-json\/wp\/v2\/comments?post=570"}],"version-history":[{"count":9,"href":"https:\/\/dauch.com.mx\/en\/wp-json\/wp\/v2\/pages\/570\/revisions"}],"predecessor-version":[{"id":26605,"href":"https:\/\/dauch.com.mx\/en\/wp-json\/wp\/v2\/pages\/570\/revisions\/26605"}],"wp:featuredmedia":[{"embeddable":true,"href":"https:\/\/dauch.com.mx\/en\/wp-json\/wp\/v2\/media\/17925"}],"wp:attachment":[{"href":"https:\/\/dauch.com.mx\/en\/wp-json\/wp\/v2\/media?parent=570"}],"curies":[{"name":"wp","href":"https:\/\/api.w.org\/{rel}","templated":true}]}}