{"id":470,"date":"2019-11-27T17:38:27","date_gmt":"2019-11-27T17:38:27","guid":{"rendered":"https:\/\/ninetheme.com\/themes\/quadron\/?page_id=470"},"modified":"2025-08-24T16:07:19","modified_gmt":"2025-08-24T22:07:19","slug":"nosotros","status":"publish","type":"page","link":"https:\/\/dauch.com.mx\/en\/nosotros\/","title":{"rendered":"About Us"},"content":{"rendered":"<div data-elementor-type=\"wp-page\" data-elementor-id=\"470\" class=\"elementor elementor-470\" data-elementor-post-type=\"page\">\n\t\t\t\t\t\t<section class=\"elementor-section elementor-top-section elementor-element elementor-element-667af9dd elementor-hidden-desktop elementor-hidden-tablet elementor-hidden-mobile elementor-hidden-widescreen elementor-section-boxed elementor-section-height-default elementor-section-height-default section__indent-def section__outdent-def\" data-id=\"667af9dd\" data-element_type=\"section\" data-e-type=\"section\">\n\t\t\t\t\t\t<div class=\"elementor-container elementor-column-gap-default\">\n\t\t\t\t\t<div class=\"elementor-column elementor-col-100 elementor-top-column elementor-element elementor-element-576efd47\" data-id=\"576efd47\" data-element_type=\"column\" data-e-type=\"column\">\n\t\t\t<div class=\"elementor-widget-wrap elementor-element-populated\">\n\t\t\t\t\t\t<div class=\"elementor-element elementor-element-28a4bb37 elementor-drop-cap-yes elementor-drop-cap-view-default elementor-widget elementor-widget-text-editor\" data-id=\"28a4bb37\" data-element_type=\"widget\" data-e-type=\"widget\" data-settings=\"{&quot;drop_cap&quot;:&quot;yes&quot;}\" data-widget_type=\"text-editor.default\">\n\t\t\t\t<div class=\"elementor-widget-container\">\n\t\t\t\t\t\t\t\t\t<p>About Us<\/p>\t\t\t\t\t\t\t\t<\/div>\n\t\t\t\t<\/div>\n\t\t\t\t\t<\/div>\n\t\t<\/div>\n\t\t\t\t\t<\/div>\n\t\t<\/section>\n\t\t\t\t<section class=\"elementor-section elementor-top-section elementor-element elementor-element-f419ae2 elementor-section-stretched elementor-section-full_width animated-slow elementor-section-height-default elementor-section-height-default section__indent-def section__outdent-def elementor-invisible\" data-id=\"f419ae2\" data-element_type=\"section\" data-e-type=\"section\" data-settings=\"{&quot;stretch_section&quot;:&quot;section-stretched&quot;,&quot;animation&quot;:&quot;fadeIn&quot;}\">\n\t\t\t\t\t\t\t<div class=\"elementor-background-overlay\"><\/div>\n\t\t\t\t\t\t\t<div class=\"elementor-container elementor-column-gap-no\">\n\t\t\t\t\t<div class=\"elementor-column elementor-col-100 elementor-top-column elementor-element elementor-element-946bdb2\" data-id=\"946bdb2\" data-element_type=\"column\" data-e-type=\"column\" data-settings=\"{&quot;background_background&quot;:&quot;classic&quot;}\">\n\t\t\t<div class=\"elementor-widget-wrap elementor-element-populated\">\n\t\t\t\t\t\t<div class=\"elementor-element elementor-element-2b0cc49 header-inner elementor-widget elementor-widget-quadron-page-hero-section\" data-id=\"2b0cc49\" data-element_type=\"widget\" data-e-type=\"widget\" data-widget_type=\"quadron-page-hero-section.default\">\n\t\t\t\t<div class=\"elementor-widget-container\">\n\t\t\t\t\t<div class=\"section--no-padding section\"><div class=\"subpage-header\"><div class=\"subpage-header__bg\"><div class=\"container\"><div class=\"subpage-header__block\"><div class=\"subpage-header__caption\">Dauch<\/div><h1 class=\"subpage-header__title\">Acerca de  DAUCH<\/h1><div class=\"subpage-header__line\"><\/div><\/div><\/div><\/div><\/div><\/div>\t\t\t\t<\/div>\n\t\t\t\t<\/div>\n\t\t\t\t\t<\/div>\n\t\t<\/div>\n\t\t\t\t\t<\/div>\n\t\t<\/section>\n\t\t\t\t<section class=\"elementor-section elementor-top-section elementor-element elementor-element-d3b6c0b elementor-section-stretched elementor-section-full_width elementor-section-height-default elementor-section-height-default section__indent-def section__outdent-def\" data-id=\"d3b6c0b\" data-element_type=\"section\" data-e-type=\"section\" data-settings=\"{&quot;stretch_section&quot;:&quot;section-stretched&quot;}\">\n\t\t\t\t\t\t<div class=\"elementor-container elementor-column-gap-no\">\n\t\t\t\t\t<div class=\"elementor-column elementor-col-100 elementor-top-column elementor-element elementor-element-ea33ff7\" data-id=\"ea33ff7\" data-element_type=\"column\" data-e-type=\"column\">\n\t\t\t<div class=\"elementor-widget-wrap elementor-element-populated\">\n\t\t\t\t\t\t<div class=\"elementor-element elementor-element-35533c1 quien-somos elementor-widget elementor-widget-quadron-about-us-three-section\" data-id=\"35533c1\" data-element_type=\"widget\" data-e-type=\"widget\" data-widget_type=\"quadron-about-us-three-section.default\">\n\t\t\t\t<div class=\"elementor-widget-container\">\n\t\t\t\t\t<div class=\"section--no-padding section--pr\"><div class=\"section--bg-wrapper-03 section__indent-left\"><\/div><div class=\"section__indent-05\"><div class=\"container\"><div class=\"row\"><div class=\"col-sm-6\"><div class=\"section-heading\"><div class=\"description\"><i><\/i>About Us<\/div><h4 class=\"title title-lg\">\n<\/h4><\/div><h2 style=\"font-size: 3rem;\"><strong>\u00bfQui\u00e9n<\/strong><\/h2><h2 style=\"font-size: 3rem;\"><strong style=\"font-size: 3rem;\">somos?<\/strong><\/h2><p data-start=\"29\" data-end=\"280\">Somos un equipo de profesionales con una visi\u00f3n global, capaces de conectar ideas y soluciones que impactan a nivel nacional. Nos caracterizamos por la pasi\u00f3n de transformar conceptos en resultados tangibles, siempre con un enfoque humano y t\u00e9cnico.<\/p><p data-start=\"282\" data-end=\"502\">Aliados estrat\u00e9gicos que entienden la importancia de cada proyecto y la responsabilidad que implica, nuestro compromiso es acompa\u00f1arte en cada etapa, ofreciendo asesor\u00eda experta y creatividad para superar expectativas.<\/p><p><span class=\"extra-large-text\" style=\"font-family: adoria; font-weight: 400;\">DAUCH<\/span><\/p><\/div><div class=\"divider divider__lg d-block d-sm-none\"><\/div><div class=\"col-sm-5 offset-lg-1\"><a href=\"https:\/\/dauch.com.mx\/wp-content\/uploads\/2025\/04\/DAUCH-2025-.mp4\" class=\"videolink video-popup offset-top5\"><img decoding=\"async\" src=\"https:\/\/dauch.com.mx\/wp-content\/uploads\/2025\/08\/NOSTROS-IMAGE-scaled.jpg\" alt=\"NOSTROS-IMAGE-scaled.jpg\" title=\"\"><div class=\"videolink__icon\"><\/div><\/a><div class=\"extra-block01\"><\/div><\/div><\/div><div class=\"divider divider__48 d-none d-lg-block d-xl-block\"><\/div><div class=\"box-counter-list\"><div class=\"row justify-default\"><div class=\"col-sm-6 col-md-4\"><div class=\"box-counter\"><div class=\"box-counter__title\">Conferencias industriales<\/div><div class=\"box-counter__value\"><span data-num=\"3\" class=\"value animate-number viz\">3<\/span> Conferencias<\/div><p>Asistencia a 3 conferencias industriales en las primeras 2 semanas.\n\n<\/p><\/div><\/div><div class=\"col-sm-6 col-md-4\"><div class=\"box-counter\"><div class=\"box-counter__title\">Difusi\u00f3n<\/div><div class=\"box-counter__value\"><span data-num=\"10\" class=\"value animate-number viz\">10<\/span> Universidades<\/div><p>Difusi\u00f3n en m\u00e1s de 10 universidades a nivel local.\n\n<\/p><\/div><\/div><div class=\"col-sm-6 col-md-4\"><div class=\"box-counter\"><div class=\"box-counter__title\">Contact<\/div><div class=\"box-counter__value\"><span data-num=\"20\" class=\"value animate-number viz\">20<\/span> Empresas<\/div><p>Contacto con m\u00e1s de 20 empresas del \u00e1mbito industrial a nivel nacional.\n\n<\/p><\/div><\/div><\/div><\/div><\/div><\/div><\/div>\t\t\t\t<\/div>\n\t\t\t\t<\/div>\n\t\t\t\t\t<\/div>\n\t\t<\/div>\n\t\t\t\t\t<\/div>\n\t\t<\/section>\n\t\t\t\t<div class=\"elementor-section elementor-top-section elementor-element elementor-element-975eb2b elementor-section-stretched elementor-section-full_width section-default-top elementor-hidden-widescreen elementor-hidden-desktop elementor-hidden-tablet elementor-hidden-mobile elementor-section-height-default elementor-section-height-default section__indent-def section__outdent-def\" data-id=\"975eb2b\" data-element_type=\"section\" data-e-type=\"section\" data-settings=\"{&quot;stretch_section&quot;:&quot;section-stretched&quot;}\">\n\t\t\t\t\t\t<div class=\"elementor-container elementor-column-gap-no\">\n\t\t\t\t\t<div class=\"elementor-column elementor-col-100 elementor-top-column elementor-element elementor-element-14eca89\" data-id=\"14eca89\" data-element_type=\"column\" data-e-type=\"column\">\n\t\t\t<div class=\"elementor-widget-wrap elementor-element-populated\">\n\t\t\t\t\t\t<div class=\"elementor-section elementor-inner-section elementor-element elementor-element-340c0b7 elementor-section-boxed elementor-section-height-default elementor-section-height-default section__indent-def section__outdent-def\" data-id=\"340c0b7\" data-element_type=\"section\" data-e-type=\"section\">\n\t\t\t\t\t\t<div class=\"elementor-container elementor-column-gap-default\">\n\t\t\t\t\t<div class=\"elementor-column elementor-col-100 elementor-inner-column elementor-element elementor-element-3eb3cc2\" data-id=\"3eb3cc2\" data-element_type=\"column\" data-e-type=\"column\">\n\t\t\t<div class=\"elementor-widget-wrap elementor-element-populated\">\n\t\t\t\t\t\t<div class=\"elementor-element elementor-element-91ad893 elementor-widget elementor-widget-quadron-section-heading\" data-id=\"91ad893\" data-element_type=\"widget\" data-e-type=\"widget\" data-widget_type=\"quadron-section-heading.default\">\n\t\t\t\t<div class=\"elementor-widget-container\">\n\t\t\t\t\t<div class=\"section-heading section-heading_indentg04\"><div class=\"description\"><i><\/i>Equipo<\/div><h3 class=\"title\">Conoce a nuestro equipo<\/h3><\/div>\t\t\t\t<\/div>\n\t\t\t\t<\/div>\n\t\t\t\t\t<\/div>\n\t\t<\/div>\n\t\t\t\t\t<\/div>\n\t\t<\/div>\n\t\t\t\t\t<\/div>\n\t\t<\/div>\n\t\t\t\t\t<\/div>\n\t\t<\/div>\n\t\t\t\t<section class=\"elementor-section elementor-top-section elementor-element elementor-element-3b22955 elementor-hidden-widescreen elementor-hidden-desktop elementor-hidden-tablet elementor-hidden-mobile elementor-section-boxed elementor-section-height-default elementor-section-height-default section__indent-def section__outdent-def\" data-id=\"3b22955\" data-element_type=\"section\" data-e-type=\"section\">\n\t\t\t\t\t\t<div class=\"elementor-container elementor-column-gap-default\">\n\t\t\t\t\t<div class=\"elementor-column elementor-col-25 elementor-top-column elementor-element elementor-element-d8679e4\" data-id=\"d8679e4\" data-element_type=\"column\" data-e-type=\"column\">\n\t\t\t<div class=\"elementor-widget-wrap elementor-element-populated\">\n\t\t\t\t\t\t<div class=\"elementor-element elementor-element-96d0b60 elementor-widget elementor-widget-quadron-team-member-item\" data-id=\"96d0b60\" data-element_type=\"widget\" data-e-type=\"widget\" data-widget_type=\"quadron-team-member-item.default\">\n\t\t\t\t<div class=\"elementor-widget-container\">\n\t\t\t\t\t<div class=\"team-item\"><div class=\"team-item__img\"><div class=\"img\"><img decoding=\"async\" src=\"https:\/\/dauch.com.mx\/wp-content\/uploads\/2023\/11\/3.jpg\" alt=\"Silvano G\u00f3mez\" title=\"\"><\/div><img decoding=\"async\" class=\"align-img\" src=\"https:\/\/dauch.com.mx\/wp-content\/plugins\/quadron-elementor-addons\/assets\/front\/img\/team_img_01_fingersprint.png\" alt=\"Dauch\" title=\"\"><ul class=\"social-icon\"><li class=\"eael-team-member-social-link\"><a href=\"mailto:silvanogomez@dauch.com.mx\" target=\"_blank\"><i aria-hidden=\"true\" class=\"far fa-address-card\"><\/i><\/a><\/li><\/ul><\/div><div class=\"team-item__description\"><div class=\"team-item__caption\">Director General<\/div><h6 class=\"team-item__title\">Silvano G\u00f3mez.<\/h6><\/div><\/div>\t\t\t\t<\/div>\n\t\t\t\t<\/div>\n\t\t\t\t\t<\/div>\n\t\t<\/div>\n\t\t\t\t<div class=\"elementor-column elementor-col-25 elementor-top-column elementor-element elementor-element-b02eab4\" data-id=\"b02eab4\" data-element_type=\"column\" data-e-type=\"column\">\n\t\t\t<div class=\"elementor-widget-wrap elementor-element-populated\">\n\t\t\t\t\t\t<div class=\"elementor-element elementor-element-d44606c elementor-widget elementor-widget-quadron-team-member-item\" data-id=\"d44606c\" data-element_type=\"widget\" data-e-type=\"widget\" data-widget_type=\"quadron-team-member-item.default\">\n\t\t\t\t<div class=\"elementor-widget-container\">\n\t\t\t\t\t<div class=\"team-item\"><div class=\"team-item__img\"><div class=\"img\"><img decoding=\"async\" src=\"https:\/\/dauch.com.mx\/wp-content\/uploads\/2023\/11\/1.jpg\" alt=\"Karla P\u00e9rez\" title=\"\"><\/div><img decoding=\"async\" class=\"align-img\" src=\"https:\/\/dauch.com.mx\/wp-content\/plugins\/quadron-elementor-addons\/assets\/front\/img\/team_img_01_fingersprint.png\" alt=\"Dauch\" title=\"\"><ul class=\"social-icon\"><li class=\"eael-team-member-social-link\"><a href=\"mailto:karlaperez@dauch.com.mx\" target=\"_blank\"><i aria-hidden=\"true\" class=\"far fa-address-card\"><\/i><\/a><\/li><\/ul><\/div><div class=\"team-item__description\"><div class=\"team-item__caption\">Direcci\u00f3n de Operaciones<\/div><h6 class=\"team-item__title\">Karla P\u00e9rez.<\/h6><\/div><\/div>\t\t\t\t<\/div>\n\t\t\t\t<\/div>\n\t\t\t\t\t<\/div>\n\t\t<\/div>\n\t\t\t\t<div class=\"elementor-column elementor-col-25 elementor-top-column elementor-element elementor-element-7e9dcbb\" data-id=\"7e9dcbb\" data-element_type=\"column\" data-e-type=\"column\">\n\t\t\t<div class=\"elementor-widget-wrap elementor-element-populated\">\n\t\t\t\t\t\t<div class=\"elementor-element elementor-element-f70ec14 elementor-widget elementor-widget-quadron-team-member-item\" data-id=\"f70ec14\" data-element_type=\"widget\" data-e-type=\"widget\" data-widget_type=\"quadron-team-member-item.default\">\n\t\t\t\t<div class=\"elementor-widget-container\">\n\t\t\t\t\t<div class=\"team-item\"><div class=\"team-item__img\"><div class=\"img\"><img decoding=\"async\" src=\"https:\/\/dauch.com.mx\/wp-content\/uploads\/2023\/11\/2.jpg\" alt=\"Ana Villalobos\" title=\"\"><\/div><img decoding=\"async\" class=\"align-img\" src=\"https:\/\/dauch.com.mx\/wp-content\/plugins\/quadron-elementor-addons\/assets\/front\/img\/team_img_01_fingersprint.png\" alt=\"Dauch\" title=\"\"><ul class=\"social-icon\"><li class=\"eael-team-member-social-link\"><a href=\"mailto:anavillalobos@dauch.com.mx\" target=\"_blank\"><i aria-hidden=\"true\" class=\"far fa-address-card\"><\/i><\/a><\/li><\/ul><\/div><div class=\"team-item__description\"><div class=\"team-item__caption\">Direcci\u00f3n de Tecnolog\u00eda <\/div><h6 class=\"team-item__title\">Ana Villalobos.<\/h6><\/div><\/div>\t\t\t\t<\/div>\n\t\t\t\t<\/div>\n\t\t\t\t\t<\/div>\n\t\t<\/div>\n\t\t\t\t<div class=\"elementor-column elementor-col-25 elementor-top-column elementor-element elementor-element-4b3767b\" data-id=\"4b3767b\" data-element_type=\"column\" data-e-type=\"column\">\n\t\t\t<div class=\"elementor-widget-wrap elementor-element-populated\">\n\t\t\t\t\t\t<div class=\"elementor-element elementor-element-70276a7 elementor-widget elementor-widget-quadron-team-member-item\" data-id=\"70276a7\" data-element_type=\"widget\" data-e-type=\"widget\" data-widget_type=\"quadron-team-member-item.default\">\n\t\t\t\t<div class=\"elementor-widget-container\">\n\t\t\t\t\t<div class=\"team-item\"><div class=\"team-item__img\"><div class=\"img\"><img decoding=\"async\" src=\"https:\/\/dauch.com.mx\/wp-content\/uploads\/2023\/11\/4.jpg\" alt=\"Pedro Le\u00f3n\" title=\"\"><\/div><img decoding=\"async\" class=\"align-img\" src=\"https:\/\/dauch.com.mx\/wp-content\/plugins\/quadron-elementor-addons\/assets\/front\/img\/team_img_01_fingersprint.png\" alt=\"Dauch\" title=\"\"><ul class=\"social-icon\"><li class=\"eael-team-member-social-link\"><a href=\"mailto:pedroleon@dauch.com.mx\" target=\"_blank\"><i aria-hidden=\"true\" class=\"far fa-address-card\"><\/i><\/a><\/li><\/ul><\/div><div class=\"team-item__description\"><div class=\"team-item__caption\">Direcci\u00f3n de Proyectos<\/div><h6 class=\"team-item__title\">Pedro Le\u00f3n<\/h6><\/div><\/div>\t\t\t\t<\/div>\n\t\t\t\t<\/div>\n\t\t\t\t\t<\/div>\n\t\t<\/div>\n\t\t\t\t\t<\/div>\n\t\t<\/section>\n\t\t\t\t<\/div>","protected":false},"excerpt":{"rendered":"<p>Nosotros Dauch Acerca de DAUCH Nosotros \u00bfQui\u00e9n somos? Somos un equipo de profesionales con una visi\u00f3n global, capaces de conectar ideas y soluciones que impactan a nivel nacional. Nos caracterizamos por la pasi\u00f3n de transformar conceptos en resultados tangibles, siempre con un enfoque humano y t\u00e9cnico. Aliados estrat\u00e9gicos que entienden la importancia de cada proyecto&#8230;<\/p>","protected":false},"author":2,"featured_media":476,"parent":0,"menu_order":0,"comment_status":"closed","ping_status":"closed","template":"quadron-elementor-page.php","meta":{"_acf_changed":false,"footnotes":""},"class_list":["post-470","page","type-page","status-publish","has-post-thumbnail","hentry","nt-post-class","masonry-item","col-lg-6","nt-default-format-box","post-box-type-masonry",""],"acf":[],"_links":{"self":[{"href":"https:\/\/dauch.com.mx\/en\/wp-json\/wp\/v2\/pages\/470","targetHints":{"allow":["GET"]}}],"collection":[{"href":"https:\/\/dauch.com.mx\/en\/wp-json\/wp\/v2\/pages"}],"about":[{"href":"https:\/\/dauch.com.mx\/en\/wp-json\/wp\/v2\/types\/page"}],"author":[{"embeddable":true,"href":"https:\/\/dauch.com.mx\/en\/wp-json\/wp\/v2\/users\/2"}],"replies":[{"embeddable":true,"href":"https:\/\/dauch.com.mx\/en\/wp-json\/wp\/v2\/comments?post=470"}],"version-history":[{"count":6,"href":"https:\/\/dauch.com.mx\/en\/wp-json\/wp\/v2\/pages\/470\/revisions"}],"predecessor-version":[{"id":26589,"href":"https:\/\/dauch.com.mx\/en\/wp-json\/wp\/v2\/pages\/470\/revisions\/26589"}],"wp:featuredmedia":[{"embeddable":true,"href":"https:\/\/dauch.com.mx\/en\/wp-json\/wp\/v2\/media\/476"}],"wp:attachment":[{"href":"https:\/\/dauch.com.mx\/en\/wp-json\/wp\/v2\/media?parent=470"}],"curies":[{"name":"wp","href":"https:\/\/api.w.org\/{rel}","templated":true}]}}